{"id":2002,"date":"2022-05-15T09:30:28","date_gmt":"2022-05-15T08:30:28","guid":{"rendered":"https:\/\/gestteatre.org\/?page_id=2002"},"modified":"2022-05-16T08:52:39","modified_gmt":"2022-05-16T07:52:39","slug":"finalistes-1a-fase-ii-certamen-jaume-bauca-mayol","status":"publish","type":"page","link":"https:\/\/gestteatre.org\/index.php\/finalistes-1a-fase-ii-certamen-jaume-bauca-mayol\/","title":{"rendered":"Finalistes 1\u00aa Fase II Certamen Jaume Bau\u00e7\u00e0 Mayol"},"content":{"rendered":"<p style=\"text-align: justify;\">A continuaci\u00f3, podeu trobar els deu finalistes de la \u00abPrimera Fase &#8211; Escriptura Teatral\u00bb del II Certamen \u00abJaume Bauc\u00e0 Mayol\u00bb.<\/p>\n<p style=\"text-align: justify;\">Els finalistes es troben ordenats alfab\u00e8ticament i els pseud\u00f2nims no seran revelats fins al lliurament de premis un cop finalitzi el Certamen. De la mateixa manera, els tres guanyadors no seran anunciats fins al moment esmentat.<\/p>\n<p><a href=\"http:\/\/gestteatre.org\/wp-content\/uploads\/2022\/05\/ALS-SETANTA-TOT-SI-VAL-Anima-Menorquina.pdf\"><strong>Als setanta tot si val!<\/strong><\/a> &#8211; \u00c0nima menorquina<\/p>\n<p><a href=\"http:\/\/gestteatre.org\/wp-content\/uploads\/2022\/05\/Dona_m-la-ma\u0300-Posidonia.pdf\"><strong>Dona&#8217;m la ma<\/strong><\/a> &#8211; Posid\u00f2nia<\/p>\n<p><a href=\"http:\/\/gestteatre.org\/wp-content\/uploads\/2022\/05\/Entrevista-de-feina-Som-ni.pdf\"><strong>Entrevista de feina<\/strong><\/a> &#8211; Som-ni<\/p>\n<p><a href=\"http:\/\/gestteatre.org\/wp-content\/uploads\/2022\/05\/FEM-NOS-UN-SELFIE-NN-Belfast.pdf\"><strong>Fem-nos un selfie<\/strong><\/a> &#8211; NN Belfast<\/p>\n<p><strong><a href=\"http:\/\/gestteatre.org\/wp-content\/uploads\/2022\/05\/Instruccions-per-tornar-a-casa-laltre.pdf\">Instruccions per tornar a casa<\/a><\/strong> &#8211; L&#8217;Altre<\/p>\n<p><a href=\"http:\/\/gestteatre.org\/wp-content\/uploads\/2022\/05\/La-directora-Pau-Ceballot.pdf\"><strong>La directora<\/strong><\/a> &#8211; Pau Ceballot<\/p>\n<p><a href=\"http:\/\/gestteatre.org\/wp-content\/uploads\/2022\/05\/La-noia-del-tren-Mortimer.pdf\"><strong>La noia del tren<\/strong><\/a> &#8211; Mortimer<\/p>\n<p><a href=\"http:\/\/gestteatre.org\/wp-content\/uploads\/2022\/05\/Tragedia-lo-de-siempre-Alberto-Dodeskaden.pdf\"><strong>Tragedia (lo de siempre)<\/strong><\/a> &#8211; Alberto Dodeskaden<\/p>\n<p><a href=\"http:\/\/gestteatre.org\/wp-content\/uploads\/2022\/05\/Un-vestidito-negro-serio-elegante-Lucy-Sky.pdf\"><strong>Un vestidito negro, serio, elegante<\/strong><\/a> &#8211; Lucy Sky<\/p>\n<p><strong><a href=\"http:\/\/gestteatre.org\/wp-content\/uploads\/2022\/05\/Xurros-tesines-i-bidells-Serafi-Cuervo.pdf\">Xurros, tesines i bidells<\/a> <\/strong>&#8211; Seraf\u00ed Cuervo<\/p>\n<p style=\"text-align: justify;\">Recordem a tothom que les obres aqu\u00ed exposades <span style=\"text-decoration: underline;\"><strong>NO PODEN SER REPRESENTADES ABANS DE LA MOSTRA SENSE <\/strong><\/span><span style=\"text-decoration: underline;\"><strong>L\u2019AUTORITZACI\u00d3 EXPRESSA DE L\u2019AUTOR I DE GEST. <\/strong><\/span>Si hi hagu\u00e9s alg\u00fa interessat, si us plau, us preguem que contacteu abans de res amb nosaltres. Representar aquestes obres sense perm\u00eds expr\u00e9s de l&#8217;autor pot comportar sancions.<\/p>\n","protected":false},"excerpt":{"rendered":"<p>A continuaci\u00f3, podeu trobar els deu finalistes de la \u00abPrimera Fase &#8211; Escriptura Teatral\u00bb del II Certamen \u00abJaume Bauc\u00e0 Mayol\u00bb. Els finalistes es troben ordenats alfab\u00e8ticament i els pseud\u00f2nims no seran revelats fins al lliurament de premis un cop finalitzi el Certamen. De la mateixa manera, els tres guanyadors no seran anunciats fins al moment [&hellip;]<\/p>\n","protected":false},"author":4,"featured_media":0,"parent":0,"menu_order":0,"comment_status":"closed","ping_status":"closed","template":"","meta":[],"_links":{"self":[{"href":"https:\/\/gestteatre.org\/index.php\/wp-json\/wp\/v2\/pages\/2002"}],"collection":[{"href":"https:\/\/gestteatre.org\/index.php\/wp-json\/wp\/v2\/pages"}],"about":[{"href":"https:\/\/gestteatre.org\/index.php\/wp-json\/wp\/v2\/types\/page"}],"author":[{"embeddable":true,"href":"https:\/\/gestteatre.org\/index.php\/wp-json\/wp\/v2\/users\/4"}],"replies":[{"embeddable":true,"href":"https:\/\/gestteatre.org\/index.php\/wp-json\/wp\/v2\/comments?post=2002"}],"version-history":[{"count":3,"href":"https:\/\/gestteatre.org\/index.php\/wp-json\/wp\/v2\/pages\/2002\/revisions"}],"predecessor-version":[{"id":2015,"href":"https:\/\/gestteatre.org\/index.php\/wp-json\/wp\/v2\/pages\/2002\/revisions\/2015"}],"wp:attachment":[{"href":"https:\/\/gestteatre.org\/index.php\/wp-json\/wp\/v2\/media?parent=2002"}],"curies":[{"name":"wp","href":"https:\/\/api.w.org\/{rel}","templated":true}]}}