{"id":1953,"date":"2021-05-13T19:15:03","date_gmt":"2021-05-13T18:15:03","guid":{"rendered":"http:\/\/gestteatre.org\/?page_id=1953"},"modified":"2021-05-15T08:46:50","modified_gmt":"2021-05-15T07:46:50","slug":"finalistes-primera-fase","status":"publish","type":"page","link":"https:\/\/gestteatre.org\/index.php\/finalistes-primera-fase\/","title":{"rendered":"Finalistes Primera Fase"},"content":{"rendered":"<p style=\"text-align: justify;\">Despr\u00e9s de la recepci\u00f3 de m\u00e9s de noranta propostes diferents per a aquest primer Certamen Teatral Jaume Bau\u00e7\u00e0 Mayol, el jurat, compost per Joan Porcell, Kake Portas, Neus Nadal i Rosa Calafat, han dictaminat els finalistes.<\/p>\n<p>Cliqueu sobre els t\u00edtols per obrir una nova pestanya on podreu visualitzar les obres:<\/p>\n<table style=\"border-collapse: collapse; width: 100%; height: 105px;\" border=\"1\">\n<tbody>\n<tr style=\"height: 21px;\">\n<td style=\"width: 50%; height: 21px; text-align: center;\"><span style=\"text-decoration: underline; font-size: 14pt;\"><strong>T\u00edtol<\/strong><\/span><\/td>\n<td style=\"width: 50%; height: 21px; text-align: center;\"><span style=\"text-decoration: underline; font-size: 14pt;\"><strong>Pseud\u00f2nim<\/strong><\/span><\/td>\n<\/tr>\n<tr style=\"height: 21px;\">\n<td style=\"width: 50%; height: 21px;\"><span style=\"font-size: 14pt;\"><a href=\"http:\/\/gestteatre.org\/wp-content\/uploads\/2021\/05\/Al-nord-del-Pol-Nord-1.pdf\">Al Nord del Pol Nord<\/a><\/span><\/td>\n<td style=\"width: 50%; height: 21px;\"><span style=\"font-size: 14pt;\">Abel Sim\u00f3n<\/span><\/td>\n<\/tr>\n<tr style=\"height: 21px;\">\n<td style=\"width: 50%; height: 21px;\"><span style=\"font-size: 14pt;\"><a href=\"http:\/\/gestteatre.org\/wp-content\/uploads\/2021\/05\/DRY-MARTINI.pdf\">Dry Martini<\/a><\/span><\/td>\n<td style=\"width: 50%; height: 21px;\"><span style=\"font-size: 14pt;\">Carrie Miranda<\/span><\/td>\n<\/tr>\n<tr style=\"height: 21px;\">\n<td style=\"width: 50%; height: 21px;\"><span style=\"font-size: 14pt;\"><a href=\"http:\/\/gestteatre.org\/wp-content\/uploads\/2021\/05\/QUI-EM-XIUXIUARA.pdf\">Qui em xiuxiuar\u00e0?<\/a><\/span><\/td>\n<td style=\"width: 50%; height: 21px;\"><span style=\"font-size: 14pt;\">Aquellnin<\/span><\/td>\n<\/tr>\n<tr style=\"height: 21px;\">\n<td style=\"width: 50%; height: 21px;\"><span style=\"font-size: 14pt;\"><a href=\"http:\/\/gestteatre.org\/wp-content\/uploads\/2021\/05\/VA-SER-UNA-BREU-HISTORIA-DAMOR.pdf\">Va ser una breu hist\u00f2ria d&#8217;amor<\/a><\/span><\/td>\n<td style=\"width: 50%; height: 21px;\"><span style=\"font-size: 14pt;\">rai-3<\/span><\/td>\n<\/tr>\n<\/tbody>\n<\/table>\n<p style=\"text-align: justify;\">Les obres, tal com dictaminen les bases, estan signades amb pseud\u00f2nim, que ser\u00e0 revelat en el lliurament de premis que tindr\u00e0 lloc el proper 16 d&#8217;octubre. De la mateixa manera, en aquest esdeveniment es far\u00e0 p\u00fablica la classificaci\u00f3 i l&#8217;ordre de premis.<\/p>\n<p>Per m\u00e9s informaci\u00f3 i consultes, podeu adre\u00e7ar-vos a: <a href=\"mailto:certamen.jaumebauzamayol@gmail.com\">certamen.jaumebauzamayol@gmail.com<\/a><\/p>\n<p>&nbsp;<\/p>\n","protected":false},"excerpt":{"rendered":"<p>Despr\u00e9s de la recepci\u00f3 de m\u00e9s de noranta propostes diferents per a aquest primer Certamen Teatral Jaume Bau\u00e7\u00e0 Mayol, el jurat, compost per Joan Porcell, Kake Portas, Neus Nadal i Rosa Calafat, han dictaminat els finalistes. Cliqueu sobre els t\u00edtols per obrir una nova pestanya on podreu visualitzar les obres: T\u00edtol Pseud\u00f2nim Al Nord del [&hellip;]<\/p>\n","protected":false},"author":4,"featured_media":0,"parent":0,"menu_order":0,"comment_status":"closed","ping_status":"closed","template":"","meta":[],"_links":{"self":[{"href":"https:\/\/gestteatre.org\/index.php\/wp-json\/wp\/v2\/pages\/1953"}],"collection":[{"href":"https:\/\/gestteatre.org\/index.php\/wp-json\/wp\/v2\/pages"}],"about":[{"href":"https:\/\/gestteatre.org\/index.php\/wp-json\/wp\/v2\/types\/page"}],"author":[{"embeddable":true,"href":"https:\/\/gestteatre.org\/index.php\/wp-json\/wp\/v2\/users\/4"}],"replies":[{"embeddable":true,"href":"https:\/\/gestteatre.org\/index.php\/wp-json\/wp\/v2\/comments?post=1953"}],"version-history":[{"count":5,"href":"https:\/\/gestteatre.org\/index.php\/wp-json\/wp\/v2\/pages\/1953\/revisions"}],"predecessor-version":[{"id":1961,"href":"https:\/\/gestteatre.org\/index.php\/wp-json\/wp\/v2\/pages\/1953\/revisions\/1961"}],"wp:attachment":[{"href":"https:\/\/gestteatre.org\/index.php\/wp-json\/wp\/v2\/media?parent=1953"}],"curies":[{"name":"wp","href":"https:\/\/api.w.org\/{rel}","templated":true}]}}