{"id":1873,"date":"2020-12-10T11:52:57","date_gmt":"2020-12-10T10:52:57","guid":{"rendered":"http:\/\/gestteatre.org\/?page_id=1873"},"modified":"2020-12-10T11:52:57","modified_gmt":"2020-12-10T10:52:57","slug":"logotips","status":"publish","type":"page","link":"https:\/\/gestteatre.org\/index.php\/logotips\/","title":{"rendered":"Logotips"},"content":{"rendered":"<p style=\"text-align: justify;\">A continuaci\u00f3, s&#8217;ofereixen els logotips institucionals de GEST Teatre Balear a tots els socis que desitgin fer \u00fas d&#8217;ells.<\/p>\n<p style=\"text-align: justify;\">Recomanem a tots els socis que incloguin un d&#8217;ells en els seus cartells, tr\u00edptics o imatges promocionals per assenyalar la seva pertinen\u00e7a a GEST. D&#8217;aquesta manera, no nom\u00e9s crearem un sentiment d&#8217;unitat entre tots els socis que formem part d&#8217;aquesta federaci\u00f3, sin\u00f3 que tamb\u00e9 ajudarem a difondre el nostre nom i arribar a m\u00e9s persones que desitgin incorporar el teu projecte.<\/p>\n<p style=\"text-align: justify;\">Junts, ajudarem a que el teatre amateur tingui el lloc que li correspon a les illes.<\/p>\n<p style=\"text-align: justify;\">Salut i Teatre!<\/p>\n<p><img loading=\"lazy\" class=\"size-full wp-image-1406 aligncenter\" src=\"http:\/\/gestteatre.org\/wp-content\/uploads\/2020\/09\/circle-cropped.png\" alt=\"\" width=\"1200\" height=\"1200\" srcset=\"https:\/\/gestteatre.org\/wp-content\/uploads\/2020\/09\/circle-cropped.png 1200w, https:\/\/gestteatre.org\/wp-content\/uploads\/2020\/09\/circle-cropped-300x300.png 300w, https:\/\/gestteatre.org\/wp-content\/uploads\/2020\/09\/circle-cropped-1024x1024.png 1024w, https:\/\/gestteatre.org\/wp-content\/uploads\/2020\/09\/circle-cropped-150x150.png 150w, https:\/\/gestteatre.org\/wp-content\/uploads\/2020\/09\/circle-cropped-768x768.png 768w\" sizes=\"(max-width: 1200px) 100vw, 1200px\" \/> <img loading=\"lazy\" class=\"size-full wp-image-1310 aligncenter\" src=\"http:\/\/gestteatre.org\/wp-content\/uploads\/2020\/08\/GEST_LOGO.png\" alt=\"\" width=\"236\" height=\"177\" srcset=\"https:\/\/gestteatre.org\/wp-content\/uploads\/2020\/08\/GEST_LOGO.png 236w, https:\/\/gestteatre.org\/wp-content\/uploads\/2020\/08\/GEST_LOGO-200x150.png 200w\" sizes=\"(max-width: 236px) 100vw, 236px\" \/> <img loading=\"lazy\" class=\"size-full wp-image-1408 aligncenter\" src=\"http:\/\/gestteatre.org\/wp-content\/uploads\/2020\/09\/GEST-Logo-transparent.png\" alt=\"\" width=\"2048\" height=\"1536\" srcset=\"https:\/\/gestteatre.org\/wp-content\/uploads\/2020\/09\/GEST-Logo-transparent.png 2048w, https:\/\/gestteatre.org\/wp-content\/uploads\/2020\/09\/GEST-Logo-transparent-300x225.png 300w, https:\/\/gestteatre.org\/wp-content\/uploads\/2020\/09\/GEST-Logo-transparent-1024x768.png 1024w, https:\/\/gestteatre.org\/wp-content\/uploads\/2020\/09\/GEST-Logo-transparent-768x576.png 768w, https:\/\/gestteatre.org\/wp-content\/uploads\/2020\/09\/GEST-Logo-transparent-1536x1152.png 1536w\" sizes=\"(max-width: 2048px) 100vw, 2048px\" \/><\/p>\n","protected":false},"excerpt":{"rendered":"<p>A continuaci\u00f3, s&#8217;ofereixen els logotips institucionals de GEST Teatre Balear a tots els socis que desitgin fer \u00fas d&#8217;ells. Recomanem a tots els socis que incloguin un d&#8217;ells en els seus cartells, tr\u00edptics o imatges promocionals per assenyalar la seva pertinen\u00e7a a GEST. D&#8217;aquesta manera, no nom\u00e9s crearem un sentiment d&#8217;unitat entre tots els socis [&hellip;]<\/p>\n","protected":false},"author":4,"featured_media":0,"parent":0,"menu_order":0,"comment_status":"closed","ping_status":"closed","template":"","meta":[],"_links":{"self":[{"href":"https:\/\/gestteatre.org\/index.php\/wp-json\/wp\/v2\/pages\/1873"}],"collection":[{"href":"https:\/\/gestteatre.org\/index.php\/wp-json\/wp\/v2\/pages"}],"about":[{"href":"https:\/\/gestteatre.org\/index.php\/wp-json\/wp\/v2\/types\/page"}],"author":[{"embeddable":true,"href":"https:\/\/gestteatre.org\/index.php\/wp-json\/wp\/v2\/users\/4"}],"replies":[{"embeddable":true,"href":"https:\/\/gestteatre.org\/index.php\/wp-json\/wp\/v2\/comments?post=1873"}],"version-history":[{"count":1,"href":"https:\/\/gestteatre.org\/index.php\/wp-json\/wp\/v2\/pages\/1873\/revisions"}],"predecessor-version":[{"id":1874,"href":"https:\/\/gestteatre.org\/index.php\/wp-json\/wp\/v2\/pages\/1873\/revisions\/1874"}],"wp:attachment":[{"href":"https:\/\/gestteatre.org\/index.php\/wp-json\/wp\/v2\/media?parent=1873"}],"curies":[{"name":"wp","href":"https:\/\/api.w.org\/{rel}","templated":true}]}}