{"id":1823,"date":"2020-12-02T19:57:49","date_gmt":"2020-12-02T18:57:49","guid":{"rendered":"http:\/\/gestteatre.org\/?page_id=1823"},"modified":"2021-02-27T23:00:25","modified_gmt":"2021-02-27T22:00:25","slug":"roja","status":"publish","type":"page","link":"https:\/\/gestteatre.org\/index.php\/mals-papers\/roja\/","title":{"rendered":"Roja"},"content":{"rendered":"<table style=\"border-collapse: collapse; width: 100%; height: 131px;\" border=\"1\">\n<tbody>\n<tr style=\"height: 21px;\">\n<td style=\"width: 50%; height: 21px;\"><strong>Fitxa t\u00e9cnica<\/strong><\/td>\n<td style=\"width: 50%; height: 89px;\" rowspan=\"4\"><img loading=\"lazy\" class=\"alignnone size-full wp-image-1824\" src=\"http:\/\/gestteatre.org\/wp-content\/uploads\/2020\/12\/Roja-Mals-Papers.jpg\" alt=\"\" width=\"1588\" height=\"2246\" srcset=\"https:\/\/gestteatre.org\/wp-content\/uploads\/2020\/12\/Roja-Mals-Papers.jpg 1588w, https:\/\/gestteatre.org\/wp-content\/uploads\/2020\/12\/Roja-Mals-Papers-212x300.jpg 212w, https:\/\/gestteatre.org\/wp-content\/uploads\/2020\/12\/Roja-Mals-Papers-724x1024.jpg 724w, https:\/\/gestteatre.org\/wp-content\/uploads\/2020\/12\/Roja-Mals-Papers-768x1086.jpg 768w, https:\/\/gestteatre.org\/wp-content\/uploads\/2020\/12\/Roja-Mals-Papers-1086x1536.jpg 1086w, https:\/\/gestteatre.org\/wp-content\/uploads\/2020\/12\/Roja-Mals-Papers-1448x2048.jpg 1448w\" sizes=\"(max-width: 1588px) 100vw, 1588px\" \/><\/td>\n<\/tr>\n<tr style=\"height: 21px;\">\n<td style=\"width: 50%; height: 24px; text-align: justify;\"><em>Companyia<\/em>: Mals Papers<br \/>\n<em>G\u00e8nere<\/em>: Drama hist\u00f2ric<br \/>\n<em>Autor<\/em>: Neus Nadal<br \/>\n<em>Direcci\u00f3<\/em>: Neus Nadal<br \/>\n<em>Repartiment<\/em>:Magdalena Morell<br \/>\nMalena Coll<br \/>\nMiquel Guerrero<br \/>\nJoan Soler<br \/>\nAnt\u00f2nia Forn\u00e9s<br \/>\nToni Aul\u00ed<br \/>\nAina Bosch<em>Durada aproximada<\/em>: 65 mins.<br \/>\n<em>Data d&#8217;estrena<\/em>: abril 2018<br \/>\n<em>Lloc d&#8217;estrena<\/em>: Casa des Poble d&#8217;Esporles<br \/>\n<em>Altres representacions<\/em>:<\/p>\n<p>&#8211; 29 de novembre al Teatre Municipal d\u2019Andratx, (2020)<br \/>\n&#8211; 23 de febrer al Teatre Municipal de Llub\u00ed. (2019)<br \/>\n&#8211; 23 de mar\u00e7 a Sa Congregaci\u00f3 de Sa Pobla. (2019)<br \/>\n&#8211; 14 d\u2019abril a Ses Cases des Mestres de Santa Maria del Cam\u00ed. (2019)<br \/>\n&#8211; 28 d\u2019abril a la Sala La Fornal de Manacor. (2019)<br \/>\n&#8211; 10 de novembre a la Casa del Poble d\u2019Esporles. (2019)<br \/>\n&#8211; 14 d\u2019abril a la Casa del Poble d\u2019Esporles<br \/>\n&#8211; 14 de juliol al Teatre Principal de Palma dins el programa de \u201cMallorca Cultura\u201d. (2018)<br \/>\n&#8211; 8 de setembre a Consell, dins la Mostra de Teatre Cas Txeco. (2018)<br \/>\n&#8211; 15 de setembre al Teatre Catalina Valls de Palma dins la Mostra de Teatre Burball. (2018)<br \/>\n&#8211; 13 d\u2019octubre a la Casa del Poble d\u2019Esporles. (2018)<\/td>\n<\/tr>\n<tr style=\"height: 21px;\">\n<td style=\"width: 50%; height: 23px;\"><strong>Sinopsi<\/strong><\/td>\n<\/tr>\n<tr style=\"height: 21px;\">\n<td style=\"width: 50%; height: 21px; text-align: justify;\">Na Maria i en Pep s\u00f3n dos joves republicans que, despr\u00e9s de casar-se a l\u2019Ajuntament d\u2019Esporles, comencen amb il\u00b7lusi\u00f3 la seva vida. En Pep sempre ha estat interessat per la pol\u00edtica i \u00e9s un membre actiu del Sindicat, i na Maria, adoptant les mateixes idees, tamb\u00e9 s\u2019implica en les reivindicacions dels seus companys. Aquest fet far\u00e0 que persones molt properes del cercle social de na Maria es comencin a distanciar d\u2019ella fins arribar al punt de perdre l\u2019amistat de la seva millor amiga, n\u2019Ant\u00f2nia, que te unes idees totalment contr\u00e0ries a les del jove matrimoni. Per\u00f2 tota la tranquil\u00b7litat i pau del poble es veur\u00e0 pertorbada per el Cop d\u2019Estat del 18 de juliol de 1936 i desencadenar\u00e0 una s\u00e8rie de desgr\u00e0cies que malauradament van ser la realitat de les persones que van viure l\u2019horror, la maldat i la desgr\u00e0cia d\u2019aquells dies.<\/td>\n<\/tr>\n<tr style=\"height: 21px;\">\n<td style=\"text-align: justify; height: 21px;\" colspan=\"2\"><strong>Enlla\u00e7os d&#8217;inter\u00e8s<\/strong><\/td>\n<\/tr>\n<tr style=\"height: 21px;\">\n<td style=\"width: 50%; text-align: justify; height: 21px;\" colspan=\"2\">https:\/\/malspapers.webnode.es\/menu\/<br \/>\nhttps:\/\/www.agapea.com\/Neus-Nadal-Pares\/Roja-9788494761096-i.htm<br \/>\nhttps:\/\/www.diariodemallorca.es\/part-forana\/2018\/08\/26\/neus-nadal-obtiene-premio-joan-3135004.html<\/td>\n<\/tr>\n<\/tbody>\n<\/table>\n<p><a href=\"http:\/\/gestteatre.org\/wp-content\/uploads\/2020\/12\/ROJA-dossier-Mals-Papers.pdf\">ROJA dossier &#8211; Mals Papers<\/a><\/p>\n","protected":false},"excerpt":{"rendered":"<p>Fitxa t\u00e9cnica Companyia: Mals Papers G\u00e8nere: Drama hist\u00f2ric Autor: Neus Nadal Direcci\u00f3: Neus Nadal Repartiment:Magdalena Morell Malena Coll Miquel Guerrero Joan Soler Ant\u00f2nia Forn\u00e9s Toni Aul\u00ed Aina BoschDurada aproximada: 65 mins. Data d&#8217;estrena: abril 2018 Lloc d&#8217;estrena: Casa des Poble d&#8217;Esporles Altres representacions: &#8211; 29 de novembre al Teatre Municipal d\u2019Andratx, (2020) &#8211; 23 de [&hellip;]<\/p>\n","protected":false},"author":4,"featured_media":0,"parent":1807,"menu_order":0,"comment_status":"closed","ping_status":"closed","template":"","meta":[],"_links":{"self":[{"href":"https:\/\/gestteatre.org\/index.php\/wp-json\/wp\/v2\/pages\/1823"}],"collection":[{"href":"https:\/\/gestteatre.org\/index.php\/wp-json\/wp\/v2\/pages"}],"about":[{"href":"https:\/\/gestteatre.org\/index.php\/wp-json\/wp\/v2\/types\/page"}],"author":[{"embeddable":true,"href":"https:\/\/gestteatre.org\/index.php\/wp-json\/wp\/v2\/users\/4"}],"replies":[{"embeddable":true,"href":"https:\/\/gestteatre.org\/index.php\/wp-json\/wp\/v2\/comments?post=1823"}],"version-history":[{"count":3,"href":"https:\/\/gestteatre.org\/index.php\/wp-json\/wp\/v2\/pages\/1823\/revisions"}],"predecessor-version":[{"id":1921,"href":"https:\/\/gestteatre.org\/index.php\/wp-json\/wp\/v2\/pages\/1823\/revisions\/1921"}],"up":[{"embeddable":true,"href":"https:\/\/gestteatre.org\/index.php\/wp-json\/wp\/v2\/pages\/1807"}],"wp:attachment":[{"href":"https:\/\/gestteatre.org\/index.php\/wp-json\/wp\/v2\/media?parent=1823"}],"curies":[{"name":"wp","href":"https:\/\/api.w.org\/{rel}","templated":true}]}}