{"id":1734,"date":"2020-11-14T15:32:30","date_gmt":"2020-11-14T14:32:30","guid":{"rendered":"http:\/\/gestteatre.org\/?page_id=1734"},"modified":"2020-11-14T15:32:30","modified_gmt":"2020-11-14T14:32:30","slug":"art-vocal-ensemble","status":"publish","type":"page","link":"https:\/\/gestteatre.org\/index.php\/art-vocal-ensemble\/","title":{"rendered":"ART VOCAL ENSEMBLE"},"content":{"rendered":"<table style=\"border-collapse: collapse; width: 100%; height: 241px;\" border=\"1\">\n<tbody>\n<tr style=\"height: 21px;\">\n<td style=\"width: 50%; height: 21px;\"><strong>Contacte<\/strong><\/td>\n<td style=\"width: 50%; height: 21px;\"><\/td>\n<\/tr>\n<tr style=\"height: 115px;\">\n<td style=\"width: 50%; height: 115px;\">Francesc Ribas Crua\u00f1es<\/p>\n<p>C\/Quetglas 9A, Baixos.<br \/>\n07013 &#8211; Palma de Mallorca<\/p>\n<p>Tel\u00e8fon: 659761497<\/p>\n<p>E-mail: artvocalensemble@gmail.com<\/p>\n<p>Web: www.artvocalensemble.cat<\/p>\n<p>&nbsp;<\/td>\n<td style=\"width: 50%; height: 115px;\"><img loading=\"lazy\" class=\"alignnone size-full wp-image-1735\" src=\"http:\/\/gestteatre.org\/wp-content\/uploads\/2020\/11\/ART-VOCAL-ENSEMBLE-logo-qualitat-ART-VOCAL-ENSEMBLE.png\" alt=\"\" width=\"1252\" height=\"428\" srcset=\"https:\/\/gestteatre.org\/wp-content\/uploads\/2020\/11\/ART-VOCAL-ENSEMBLE-logo-qualitat-ART-VOCAL-ENSEMBLE.png 1252w, https:\/\/gestteatre.org\/wp-content\/uploads\/2020\/11\/ART-VOCAL-ENSEMBLE-logo-qualitat-ART-VOCAL-ENSEMBLE-300x103.png 300w, https:\/\/gestteatre.org\/wp-content\/uploads\/2020\/11\/ART-VOCAL-ENSEMBLE-logo-qualitat-ART-VOCAL-ENSEMBLE-1024x350.png 1024w, https:\/\/gestteatre.org\/wp-content\/uploads\/2020\/11\/ART-VOCAL-ENSEMBLE-logo-qualitat-ART-VOCAL-ENSEMBLE-768x263.png 768w\" sizes=\"(max-width: 1252px) 100vw, 1252px\" \/><\/td>\n<\/tr>\n<tr style=\"height: 21px;\">\n<td style=\"width: 50%; height: 21px; text-align: justify;\" colspan=\"2\">\u00c9s una associaci\u00f3 musical creada amb l\u2019afany d\u2019aportar una nova visi\u00f3 del repertori i interpretaci\u00f3 musicals. Pretenem amb aquest projecte, a partir de l&#8217;experi\u00e8ncia de molts anys en altres agrupacions, crear produccions amb un nexe com\u00fa: l&#8217;element vocal; ja sigui en format simf\u00f2nico-coral, \u00f2pera, projectes corals participatius, seminaris de t\u00e8cnica vocal i direcci\u00f3 coral, etc. L\u2019agrupaci\u00f3 est\u00e0 formada per un aplec de persones vinculades al m\u00f3n de la m\u00fasica engrescats en un projecte innovador a partir del qual pretenen obrir el repertori de m\u00fasica antiga, cl\u00e0ssica i contempor\u00e0nia pr\u00f2pia de les Illes Balears al gran p\u00fablic. Des de la seva creaci\u00f3, l\u2019any 2015, s\u2019han dut a terme 10 produccions i 3 seminaris de cant coral amb Javier Busto, Marco Antonio Garc\u00eda de Paz i Josep Vila.<\/td>\n<\/tr>\n<tr style=\"height: 21px;\">\n<td style=\"width: 50%; height: 21px;\" colspan=\"2\"><strong>Integrants<\/strong><\/td>\n<\/tr>\n<tr style=\"height: 21px;\">\n<td style=\"width: 50%; height: 21px;\" colspan=\"2\">\n<ul>\n<li>Humbelina BALAGUER MU\u00d1OZ, Contralt<\/li>\n<li>Antoni BALLESTER SOLIVELLAS, Tenor<\/li>\n<li>Mar\u00eda Magdalena BORRAS MATEU, soprano<\/li>\n<li>Toni BORR\u00c1S MATEU, Baix<\/li>\n<li>N\u00e9stor C\u00c9SAR RODR\u00cdGUEZ, Tenor<\/li>\n<li>Aina Mar\u00eda CIFRE BENN\u00c0SAR, Contralt<\/li>\n<li>Susana ESCOBAR MORA , contralt<\/li>\n<li>Pep FERRER D\u00cdEZ, tenor<\/li>\n<li>Catalina FIGUEROLA BUCKLITSCH, soprano<\/li>\n<li>Lloren\u00e7 GELABERT GUAL, director<\/li>\n<li>Miguel \u00c1ngel HEREDIA J\u00d3DAR, tenor<\/li>\n<li>Rose Marie IGLESIAS GARC\u00cdA, contralt<\/li>\n<li>David LLECHA MUNTANER, baix<\/li>\n<li>Teresa OLIVER RUIZ, soprano<\/li>\n<li>Sabela OLIVER RUIZ, contralt<\/li>\n<li>Laura Beatriz PENZIN, soprano<\/li>\n<li>Mar\u00eda Jos\u00e9 P\u00c9REZ SOLA, soprano<\/li>\n<li>\u00c1ngela PUIG I POZO, contralt<\/li>\n<li>Xavier PUJADAS ALCAL\u00c1, baix<\/li>\n<li>Francesc RIBAS CRUA\u00d1ES, tenor<\/li>\n<li>Jos\u00e9 Francisco RUIZ ROM\u00c1N, baix<\/li>\n<li>Nicolau Francec SERRA MERCADAL, baix<\/li>\n<\/ul>\n<\/td>\n<\/tr>\n<tr style=\"height: 21px;\">\n<td style=\"width: 50%; height: 21px;\" colspan=\"2\"><strong>Cat\u00e0leg teatral<\/strong><\/td>\n<\/tr>\n<tr style=\"height: 21px;\">\n<td style=\"width: 50%; height: 21px;\" colspan=\"2\">\n<ul>\n<li style=\"text-align: justify;\">2019 &#8211; La Serva Padrona, \u00f2pera en dos actes, monogr\u00e0fic dedicat a Giovanni Battista Pergolesi.<\/li>\n<li style=\"text-align: justify;\">2018 &#8211; El Mikado, \u00f2pera c\u00f2mica anglesa d\u2019Arthur Sullivan i William Gilbert (adaptaci\u00f3 en catal\u00e0 de Jaume Roca).<\/li>\n<li style=\"text-align: justify;\">2017 &#8211; Cos\u00ec fan tutte, \u00f2pera buffa de W. A. Mozart (adaptaci\u00f3 en catal\u00e0 de Jaume Roca).<\/li>\n<li style=\"text-align: justify;\">2016 &#8211; Orph\u00e9e aux Enfers, \u00f2pera buffa de Jacques Offenbach (adaptaci\u00f3 en catal\u00e0 de Jaume Roca).<\/li>\n<\/ul>\n<\/td>\n<\/tr>\n<\/tbody>\n<\/table>\n","protected":false},"excerpt":{"rendered":"<p>Contacte Francesc Ribas Crua\u00f1es C\/Quetglas 9A, Baixos. 07013 &#8211; Palma de Mallorca Tel\u00e8fon: 659761497 E-mail: artvocalensemble@gmail.com Web: www.artvocalensemble.cat &nbsp; \u00c9s una associaci\u00f3 musical creada amb l\u2019afany d\u2019aportar una nova visi\u00f3 del repertori i interpretaci\u00f3 musicals. Pretenem amb aquest projecte, a partir de l&#8217;experi\u00e8ncia de molts anys en altres agrupacions, crear produccions amb un nexe com\u00fa: [&hellip;]<\/p>\n","protected":false},"author":4,"featured_media":0,"parent":0,"menu_order":0,"comment_status":"closed","ping_status":"closed","template":"","meta":[],"_links":{"self":[{"href":"https:\/\/gestteatre.org\/index.php\/wp-json\/wp\/v2\/pages\/1734"}],"collection":[{"href":"https:\/\/gestteatre.org\/index.php\/wp-json\/wp\/v2\/pages"}],"about":[{"href":"https:\/\/gestteatre.org\/index.php\/wp-json\/wp\/v2\/types\/page"}],"author":[{"embeddable":true,"href":"https:\/\/gestteatre.org\/index.php\/wp-json\/wp\/v2\/users\/4"}],"replies":[{"embeddable":true,"href":"https:\/\/gestteatre.org\/index.php\/wp-json\/wp\/v2\/comments?post=1734"}],"version-history":[{"count":1,"href":"https:\/\/gestteatre.org\/index.php\/wp-json\/wp\/v2\/pages\/1734\/revisions"}],"predecessor-version":[{"id":1736,"href":"https:\/\/gestteatre.org\/index.php\/wp-json\/wp\/v2\/pages\/1734\/revisions\/1736"}],"wp:attachment":[{"href":"https:\/\/gestteatre.org\/index.php\/wp-json\/wp\/v2\/media?parent=1734"}],"curies":[{"name":"wp","href":"https:\/\/api.w.org\/{rel}","templated":true}]}}