{"id":1716,"date":"2020-11-10T16:49:43","date_gmt":"2020-11-10T15:49:43","guid":{"rendered":"http:\/\/gestteatre.org\/?page_id=1716"},"modified":"2021-02-27T22:49:16","modified_gmt":"2021-02-27T21:49:16","slug":"tot-aclarit","status":"publish","type":"page","link":"https:\/\/gestteatre.org\/index.php\/brots-de-tardor-teatre\/tot-aclarit\/","title":{"rendered":"Tot aclarit"},"content":{"rendered":"<table style=\"border-collapse: collapse; width: 100%; height: 84px;\" border=\"1\">\n<tbody>\n<tr style=\"height: 21px;\">\n<td style=\"width: 50%; height: 21px;\"><strong>Fitxa t\u00e8cnica<\/strong><\/td>\n<td style=\"width: 50%; height: 84px;\" rowspan=\"4\"><img loading=\"lazy\" class=\"alignnone size-full wp-image-1705\" src=\"http:\/\/gestteatre.org\/wp-content\/uploads\/2020\/11\/CARTELL-TOT-ACLARIT-2018-Josep-Miro-Camps.jpg\" alt=\"\" width=\"1141\" height=\"1690\" srcset=\"https:\/\/gestteatre.org\/wp-content\/uploads\/2020\/11\/CARTELL-TOT-ACLARIT-2018-Josep-Miro-Camps.jpg 1141w, https:\/\/gestteatre.org\/wp-content\/uploads\/2020\/11\/CARTELL-TOT-ACLARIT-2018-Josep-Miro-Camps-203x300.jpg 203w, https:\/\/gestteatre.org\/wp-content\/uploads\/2020\/11\/CARTELL-TOT-ACLARIT-2018-Josep-Miro-Camps-691x1024.jpg 691w, https:\/\/gestteatre.org\/wp-content\/uploads\/2020\/11\/CARTELL-TOT-ACLARIT-2018-Josep-Miro-Camps-768x1138.jpg 768w, https:\/\/gestteatre.org\/wp-content\/uploads\/2020\/11\/CARTELL-TOT-ACLARIT-2018-Josep-Miro-Camps-1037x1536.jpg 1037w\" sizes=\"(max-width: 1141px) 100vw, 1141px\" \/><\/td>\n<\/tr>\n<tr style=\"height: 21px;\">\n<td style=\"width: 50%; height: 21px; text-align: justify;\"><em>Companyia<\/em>: Brots de Tardor Teatre<br \/>\n<em>G\u00e9nere<\/em>: Costumista Mallorqu\u00ed<br \/>\n<em>Autor<\/em>: Magdalena Font<br \/>\n<em>Direcci\u00f3e<\/em>: Esmeraldo D\u00edaz<br \/>\n<em>Repartiment<\/em>:Pep Sanchez: Pere, pages que se viu de ses seves finques. Pare de quatre fills.<br \/>\nDolores Rossello: Catalina, casada amb en Pere.<br \/>\nFrancisca Payeras: Joana, una de les filles.<br \/>\nTo\u00f1ita Coli: Rosa, una de les filles.<br \/>\nPedro Coli: Miquel, fill que ajuda al pare i festeja na Maria (S\u2019al-lota no surt a escena).<br \/>\nAurora Vera: Mado Maria, veinada xafardera.<br \/>\nPau Ripoll: Don Pasqual, metge del poble.<br \/>\nCarmen Huerta: Paula, cosina de na Catalina que viu a Fran\u00e7a, mare den Fran\u00e7ois.<br \/>\nMiguel Catala: Fran\u00e7ois: novio de na Joana.<br \/>\nToni Ramon: Toni, novio de na Rosa, fill de Donya Carme y Don Josep.<br \/>\nJoana Bonet: Donya Carme, Senyora amb pretensions, dona de Don Josep misser de Palma.<br \/>\nJosep Mir\u00f3: Don Josep, misser de Palma i homo de Donya Carme i Pare d\u2019en Toni.<\/p>\n<p><em>Duraci\u00f3 aproximada<\/em>: 90 mins.<br \/>\n<em>Data d&#8217;estrena<\/em>: 24\/03\/2018<br \/>\n<em>Lloc d&#8217;estrena<\/em>: Teatre Sa Casa des Mestres de Santa Mar\u00eda del Cam\u00ed (Mallorca)<br \/>\n<em>Altres representacions<\/em>:<br \/>\n01\/06\/2018 Teatre Municipal de MURO (Mallorca).<br \/>\n06\/06\/2018 Teatre Municipal de BUNYOLA (Mallorca).<br \/>\n13\/07\/2018 Teatre PRINCIPAL de PALMA (Mallorca).<br \/>\n21\/07\/2018 Teatre Sa Congregacio de SA POPBLA (Mallorca).<br \/>\n29\/09\/2018 Teatre Sa Societat de CALVIA (Mallorca).<br \/>\n06\/10\/2018 Teatre Municipal Catalina Valls de PALMA (Mallorca).<\/td>\n<\/tr>\n<tr style=\"height: 21px;\">\n<td style=\"width: 50%; height: 21px;\"><strong>Sinopsi<\/strong><\/td>\n<\/tr>\n<tr style=\"height: 21px;\">\n<td style=\"width: 50%; height: 21px; text-align: justify;\">Obra de Teatre costumista mallorquina en tres actes, que se desenvolupa a un poble de Mallorca dins una familia senzilla, pero no humil que te dos fills i dues fillas casadors tots i tot una seria d\u2019embulls, fins que tot queda aclarit.<\/td>\n<\/tr>\n<\/tbody>\n<\/table>\n<p><strong>Descarregables<\/strong><\/p>\n<p><a href=\"http:\/\/gestteatre.org\/ficha-tot-aclarit-per-la-web-de-gest-josep-miro-camps\/\">Fitxa t\u00e8cnica<\/a><\/p>\n","protected":false},"excerpt":{"rendered":"<p>Fitxa t\u00e8cnica Companyia: Brots de Tardor Teatre G\u00e9nere: Costumista Mallorqu\u00ed Autor: Magdalena Font Direcci\u00f3e: Esmeraldo D\u00edaz Repartiment:Pep Sanchez: Pere, pages que se viu de ses seves finques. Pare de quatre fills. Dolores Rossello: Catalina, casada amb en Pere. Francisca Payeras: Joana, una de les filles. To\u00f1ita Coli: Rosa, una de les filles. Pedro Coli: Miquel, [&hellip;]<\/p>\n","protected":false},"author":4,"featured_media":0,"parent":1656,"menu_order":0,"comment_status":"closed","ping_status":"closed","template":"","meta":[],"_links":{"self":[{"href":"https:\/\/gestteatre.org\/index.php\/wp-json\/wp\/v2\/pages\/1716"}],"collection":[{"href":"https:\/\/gestteatre.org\/index.php\/wp-json\/wp\/v2\/pages"}],"about":[{"href":"https:\/\/gestteatre.org\/index.php\/wp-json\/wp\/v2\/types\/page"}],"author":[{"embeddable":true,"href":"https:\/\/gestteatre.org\/index.php\/wp-json\/wp\/v2\/users\/4"}],"replies":[{"embeddable":true,"href":"https:\/\/gestteatre.org\/index.php\/wp-json\/wp\/v2\/comments?post=1716"}],"version-history":[{"count":4,"href":"https:\/\/gestteatre.org\/index.php\/wp-json\/wp\/v2\/pages\/1716\/revisions"}],"predecessor-version":[{"id":1906,"href":"https:\/\/gestteatre.org\/index.php\/wp-json\/wp\/v2\/pages\/1716\/revisions\/1906"}],"up":[{"embeddable":true,"href":"https:\/\/gestteatre.org\/index.php\/wp-json\/wp\/v2\/pages\/1656"}],"wp:attachment":[{"href":"https:\/\/gestteatre.org\/index.php\/wp-json\/wp\/v2\/media?parent=1716"}],"curies":[{"name":"wp","href":"https:\/\/api.w.org\/{rel}","templated":true}]}}