{"id":1674,"date":"2020-10-06T18:45:12","date_gmt":"2020-10-06T17:45:12","guid":{"rendered":"http:\/\/gestteatre.org\/?page_id=1674"},"modified":"2020-11-11T23:26:01","modified_gmt":"2020-11-11T22:26:01","slug":"mademico-teatre","status":"publish","type":"page","link":"https:\/\/gestteatre.org\/index.php\/mademico-teatre\/","title":{"rendered":"M\u00c0DEMICO\/TEATRE"},"content":{"rendered":"<table style=\"border-collapse: collapse; width: 100%; height: 241px;\" border=\"1\">\n<tbody>\n<tr style=\"height: 21px;\">\n<td style=\"width: 50%; height: 21px;\"><strong>Contacte<\/strong><\/td>\n<td style=\"width: 50%; height: 21px;\"><\/td>\n<\/tr>\n<tr style=\"height: 115px;\">\n<td style=\"width: 50%; height: 115px;\">Sabela Oliver<\/p>\n<p>S\u00f3ller<\/p>\n<p>E-mail: mademicoteatre@gmail.com<\/p>\n<p>Xarxes Socials:<br \/>\n<a href=\"https:\/\/www.facebook.com\/mademicoteatre.teatre\">Facebook<\/a><\/td>\n<td style=\"width: 50%; height: 115px;\"><img loading=\"lazy\" class=\"size-full wp-image-1676 aligncenter\" src=\"http:\/\/gestteatre.org\/wp-content\/uploads\/2020\/10\/Logo-mdm-Mademico-Teatre.jpg\" alt=\"\" width=\"178\" height=\"378\" srcset=\"https:\/\/gestteatre.org\/wp-content\/uploads\/2020\/10\/Logo-mdm-Mademico-Teatre.jpg 178w, https:\/\/gestteatre.org\/wp-content\/uploads\/2020\/10\/Logo-mdm-Mademico-Teatre-141x300.jpg 141w\" sizes=\"(max-width: 178px) 100vw, 178px\" \/><\/td>\n<\/tr>\n<tr style=\"height: 21px;\">\n<td style=\"width: 100%; height: 21px; text-align: justify;\" colspan=\"2\"><span style=\"font-family: georgia, palatino, serif; font-size: 12pt;\">MADEMICO\/TEATRE va ser fundat a S\u00f3ller el 2003 per un grup d\u2019amics amants de les expressions art\u00edstiques relacionades amb el m\u00f3n de l\u2019espectacle, la m\u00fasica i la paraula. Tenim el prop\u00f2sit i la voluntat d\u2019oferir produccions teatrals de qualitat, sensibles a les tend\u00e8ncies del moment, fugint dels convencionalismes i a la recerca de noves formes d\u2019expressi\u00f3.<\/span><\/p>\n<p><span style=\"font-family: georgia, palatino, serif; font-size: 12pt;\">A l\u2019any 2011 M\u00e0demico\/Teatre va entrar a formar part de la Junta Directiva de la FBTA assumint la responsabilitat de la Tresoreria els anys 2011 i 2012 i el de Presid\u00e8ncia del any 2013 fins a finals de 2016. A l\u2019any 2017 M\u00e0demico\/Teatre impulsa la creaci\u00f3 de GEST, Plataforma Balear de Teatre Amateur de la que n\u2019ostenta la Presid\u00e8ncia des de la seva creaci\u00f3 i fins ara. Del mes d\u2019abril de 2014 fins al mes de maig de 2019, M\u00e0demico Teatre a representat a les Federacions FBTA i GEST davant de la Confederaci\u00f3 ESCENAMATEUR i n\u2019ha assumit el c\u00e0rrec de Tresoreria d\u2019aquesta entitat.<\/span><\/p>\n<p>M\u00e0demico ha colaborat en l&#8217;organitzaci\u00f3 de diverses Mostres de Teatre Amateur a les Balears, aix\u00ed com a l&#8217;organitzaci\u00f3 de tallers teatrals.<\/td>\n<\/tr>\n<tr style=\"height: 21px;\">\n<td style=\"width: 100%; height: 21px;\" colspan=\"2\"><strong>Integrants<\/strong><\/td>\n<\/tr>\n<tr style=\"height: 21px;\">\n<td style=\"width: 100%; height: 21px;\" colspan=\"2\">\n<ul>\n<li>Juanjo Bauz\u00e1, actor<\/li>\n<li>Toni Borr\u00e0s, actor, escen\u00f2graf i muntatge<\/li>\n<li>Juan Antonio Fern\u00e1ndez, actor i muntatge<\/li>\n<li>Virg\u00ednia Forteza, actriu<\/li>\n<li>Cristina Gual, actriu<\/li>\n<li>Flora Gual, ajudant de direcci\u00f3<\/li>\n<li>Sabela Oliver, direcci\u00f3<\/li>\n<li>Carolina Ramon, actriu<\/li>\n<li>Toni Riutort, actor<\/li>\n<li>Joan Xarri\u00e9, actor<\/li>\n<\/ul>\n<\/td>\n<\/tr>\n<tr style=\"height: 21px;\">\n<td style=\"width: 100%; height: 21px;\" colspan=\"2\"><strong>Cat\u00e0leg teatral<\/strong><\/td>\n<\/tr>\n<tr style=\"height: 21px;\">\n<td style=\"width: 100%; height: 21px;\" colspan=\"2\">\n<ul>\n<li>2019\n<ul>\n<li><em>La Sala d\u2019espera<\/em>, de Toni Borr\u00e0s<\/li>\n<\/ul>\n<\/li>\n<li>2018\n<ul>\n<li><em>Insults al p\u00fablic<\/em>, de Peter Handke (col\u00b7laboraci\u00f3 amb Fan-art-X).<\/li>\n<\/ul>\n<\/li>\n<li>2016\n<ul>\n<li><em>El pacte<\/em>, versi\u00f3 teatral lliure de <em>l\u2019Herald<\/em> d\u2019Albert Herranz.<\/li>\n<\/ul>\n<\/li>\n<li>2014\n<ul>\n<li><em>Jo ja he estat aqu\u00ed abans<\/em>, de J.B.Priestley (preparaci\u00f3 i muntatge. No es pogu\u00e9 estrenar)<\/li>\n<\/ul>\n<\/li>\n<li>2010\n<ul>\n<li><em>Assassinats<\/em>; versi\u00f3 lliure de l\u2019obra <em>Assassinats al Carrer Morgue<\/em> d\u2019Edgar Allan Poe.<\/li>\n<\/ul>\n<\/li>\n<li>2009\n<ul>\n<li><em>La decad\u00e8ncia del barroquisme<\/em> (Producci\u00f3 pr\u00f2pia).<\/li>\n<li><em>No digueu a ning\u00fa res del que heu vist<\/em> (Producci\u00f3 pr\u00f2pia).<\/li>\n<\/ul>\n<\/li>\n<li>2008\n<ul>\n<li><em>La visita d\u2019un inspector<\/em>, de J.B. Priestley.<\/li>\n<\/ul>\n<\/li>\n<li>2007\n<ul>\n<li><em>Planxat al vapor,<\/em> de Gabriel Sabraf\u00edn.<\/li>\n<li><em>El Follet Valent<\/em>, musical infantil (Col\u00b7laboraci\u00f3 amb l\u2019Escola Municipal de M\u00fasica de S\u00f3ller).<\/li>\n<li>Correfoc de Santa Eug\u00e8nia (Col\u00b7laboraci\u00f3 amb Esclatabutzes).<\/li>\n<li>Correfoc d\u2019Esporles (Col\u00b7laboraci\u00f3 amb Esclatabutzes).<\/li>\n<li>Correfoc de S\u00f3ller (Col\u00b7laboraci\u00f3 amb Escalatabutzes).<\/li>\n<\/ul>\n<\/li>\n<li>2006\n<ul>\n<li><em>Salm 18<\/em>, de Marcello (Col\u00b7laboraci\u00f3 amb Quinta Justa).<\/li>\n<li><em>Aniversari<\/em> (Col\u00b7laboraci\u00f3 amb Esclatabutzes).<\/li>\n<\/ul>\n<\/li>\n<li>2005\n<ul>\n<li><em>Caldereta de Calders<\/em>, muntatge de Mademico\/Teatre.<\/li>\n<\/ul>\n<\/li>\n<li>2004\n<ul>\n<li><em>Weep o mine eyes<\/em>, muntatge de Quinta Justa.<\/li>\n<li><em>Poema de Nadal<\/em>, de Josep Maria de Sagarra.<\/li>\n<\/ul>\n<\/li>\n<li>2003\n<ul>\n<li><em>Les Set Paraules<\/em>, de H. Schutz (Col\u00b7laboraci\u00f3 amb la coral Quinta Justa).<\/li>\n<li><em>La m\u00e0 de mico<\/em>, de Jordi Sacassas (Adaptaci\u00f3 teatral de W.W.Jacobs).<\/li>\n<\/ul>\n<\/li>\n<\/ul>\n<\/td>\n<\/tr>\n<\/tbody>\n<\/table>\n","protected":false},"excerpt":{"rendered":"<p>Contacte Sabela Oliver S\u00f3ller E-mail: mademicoteatre@gmail.com Xarxes Socials: Facebook MADEMICO\/TEATRE va ser fundat a S\u00f3ller el 2003 per un grup d\u2019amics amants de les expressions art\u00edstiques relacionades amb el m\u00f3n de l\u2019espectacle, la m\u00fasica i la paraula. Tenim el prop\u00f2sit i la voluntat d\u2019oferir produccions teatrals de qualitat, sensibles a les tend\u00e8ncies del moment, fugint [&hellip;]<\/p>\n","protected":false},"author":4,"featured_media":0,"parent":0,"menu_order":0,"comment_status":"closed","ping_status":"closed","template":"","meta":[],"_links":{"self":[{"href":"https:\/\/gestteatre.org\/index.php\/wp-json\/wp\/v2\/pages\/1674"}],"collection":[{"href":"https:\/\/gestteatre.org\/index.php\/wp-json\/wp\/v2\/pages"}],"about":[{"href":"https:\/\/gestteatre.org\/index.php\/wp-json\/wp\/v2\/types\/page"}],"author":[{"embeddable":true,"href":"https:\/\/gestteatre.org\/index.php\/wp-json\/wp\/v2\/users\/4"}],"replies":[{"embeddable":true,"href":"https:\/\/gestteatre.org\/index.php\/wp-json\/wp\/v2\/comments?post=1674"}],"version-history":[{"count":5,"href":"https:\/\/gestteatre.org\/index.php\/wp-json\/wp\/v2\/pages\/1674\/revisions"}],"predecessor-version":[{"id":1731,"href":"https:\/\/gestteatre.org\/index.php\/wp-json\/wp\/v2\/pages\/1674\/revisions\/1731"}],"wp:attachment":[{"href":"https:\/\/gestteatre.org\/index.php\/wp-json\/wp\/v2\/media?parent=1674"}],"curies":[{"name":"wp","href":"https:\/\/api.w.org\/{rel}","templated":true}]}}