{"id":1656,"date":"2020-09-30T22:38:26","date_gmt":"2020-09-30T21:38:26","guid":{"rendered":"http:\/\/gestteatre.org\/?page_id=1656"},"modified":"2020-11-12T10:32:00","modified_gmt":"2020-11-12T09:32:00","slug":"brots-de-tardor-teatre","status":"publish","type":"page","link":"https:\/\/gestteatre.org\/index.php\/brots-de-tardor-teatre\/","title":{"rendered":"BROTS DE TARDOR TEATRE"},"content":{"rendered":"<table style=\"border-collapse: collapse; width: 100%; height: 241px;\" border=\"1\">\n<tbody>\n<tr style=\"height: 21px;\">\n<td style=\"width: 50%; height: 21px;\"><strong>Contacte<\/strong><\/td>\n<td style=\"width: 50%; height: 21px;\"><\/td>\n<\/tr>\n<tr style=\"height: 115px;\">\n<td style=\"width: 50%; height: 115px;\">Josep Mir\u00f3 Camps<\/p>\n<p>Tel\u00e8fon: 609313273<br \/>\nMail: jose.mirocamps@gmail.com<\/td>\n<td style=\"width: 50%; height: 115px;\"><img loading=\"lazy\" class=\"size-full wp-image-1657 aligncenter\" src=\"http:\/\/gestteatre.org\/wp-content\/uploads\/2020\/09\/LOGO-GMMHI.jpg\" alt=\"\" width=\"277\" height=\"274\" \/><\/td>\n<\/tr>\n<tr style=\"height: 21px;\">\n<td style=\"width: 50%; height: 21px; text-align: justify;\" colspan=\"2\">Som una Companya de Teatre \u201cespecial\u201d, constitu\u00efda amb molta d\u2019il\u00b7lusi\u00f3 per persones totes jubilades del mon laboral, que pretenem transmetre il\u00b7lusi\u00f3 a tots els espectadors que mos venen a veure. En els de la nostra edat mostrant-los un cam\u00ed que mos mant\u00e9 actius i joves i en els joves la m\u00e0gia de poder veure personatges de qualsevol edat, interpretats per persones \u201cmajors\u201d, posat que els espectadors que mos venen a veure, no veuen la gent jubilada que interpreta una obra de teatre si no que veuen sols els personatges de l\u2019obra que interpretem, tinguin l\u2019edat que tinguin.<\/p>\n<p>L\u2019objectiu de la nostra companya que esta dins el Grup de Majors de Melia Hotels International, es el de mantenir actius els nostres socis, mentalment i an\u00edmicament, hi ha que tenir en conta que l\u2019edat mitjana dels components de la companya es de 75 anys, tamb\u00e9 tenim com objectiu el cultivar i mantenir vives les tradicions de Mallorca a treves del teatre costumista mallorqu\u00ed i que a l\u2019hora per suposat sigui un motiu de distracci\u00f3 de les persones que composem la companya i dels espectadors que mos venen a veure.<\/td>\n<\/tr>\n<tr style=\"height: 21px;\">\n<td style=\"width: 50%; height: 21px;\" colspan=\"2\"><strong>Integrants<\/strong><\/td>\n<\/tr>\n<tr style=\"height: 21px;\">\n<td style=\"width: 50%; height: 21px;\" colspan=\"2\">\n<ul>\n<li>Antonia Alberti Riera, apuntadora<\/li>\n<li>Antonia Coli Amengual, actriu<\/li>\n<li>Antonio Juan Ramon Garau, actor<\/li>\n<li>Aurora Vera \u00c1lvarez, actriu<\/li>\n<li>Carmen Huerta Velasco, actriu<\/li>\n<li>Catalina Font Quetglas , actriu<\/li>\n<li>Esmeraldo D\u00edaz Garc\u00eda, director<\/li>\n<li>Francisca Hern\u00e1ndez Florit, apuntadora<\/li>\n<li>Francisca Payeras Franch, actriu<\/li>\n<li>Jos\u00e9 Francisco S\u00e1nchez Reyens, actor<\/li>\n<li>Josep Mir\u00f3 Camps, actor<\/li>\n<li>Juana Bonet Llabr\u00e9s, actriu<\/li>\n<li>Mar\u00eda Dolores Rosell\u00f3 Nadal, actriu<\/li>\n<li>Maria Magdalena Font Quetglas, regidora<\/li>\n<li>Miguel Catal\u00e0 Aguil\u00f3, actor<\/li>\n<li>Pau Ripoll Sol\u00e9, actor<\/li>\n<li>Venancio Garc\u00eda Serra, director musical<\/li>\n<\/ul>\n<\/td>\n<\/tr>\n<tr style=\"height: 21px;\">\n<td style=\"width: 50%; height: 21px;\" colspan=\"2\"><strong>Cat\u00e0leg teatral<\/strong><\/td>\n<\/tr>\n<tr style=\"height: 21px;\">\n<td style=\"width: 50%; height: 21px;\" colspan=\"2\">\n<ul>\n<li>2020 &#8211; <a href=\"http:\/\/gestteatre.org\/index.php\/brots-de-tardor-teatre\/totes-ses-families-en-tenen\"><em>Totes ses families en tenen<\/em><\/a>, de Magdalena Font<\/li>\n<li>2019 &#8211; <a href=\"http:\/\/gestteatre.org\/index.php\/brots-de-tardor-teatre\/punyeteros-di\/\"><em>Punyeteros doblers<\/em><\/a>, de Magdalena Font<\/li>\n<li>2018 &#8211; <a href=\"http:\/\/gestteatre.org\/index.php\/brots-de-tardor-teatre\/tot-aclarit\/\"><em>Tot aclarit<\/em><\/a>, de Magdalena Font<\/li>\n<li>2016 &#8211; <a href=\"http:\/\/gestteatre.org\/index.php\/brots-de-tardor-teatre\/hotel-cosmopolita\/\"><em>Hotel Cosmopolita<\/em><\/a>, de Gabriel Cort\u00e8s<\/li>\n<li>2014 &#8211; <em>Es sogre de Mad\u00f2 Rosa<\/em>, de Mart\u00ed Mayol i Moragues<\/li>\n<li>2011 &#8211; <em>Ca Nostra<\/em>, de Joan Mas<\/li>\n<\/ul>\n<\/td>\n<\/tr>\n<\/tbody>\n<\/table>\n","protected":false},"excerpt":{"rendered":"<p>Contacte Josep Mir\u00f3 Camps Tel\u00e8fon: 609313273 Mail: jose.mirocamps@gmail.com Som una Companya de Teatre \u201cespecial\u201d, constitu\u00efda amb molta d\u2019il\u00b7lusi\u00f3 per persones totes jubilades del mon laboral, que pretenem transmetre il\u00b7lusi\u00f3 a tots els espectadors que mos venen a veure. En els de la nostra edat mostrant-los un cam\u00ed que mos mant\u00e9 actius i joves i en [&hellip;]<\/p>\n","protected":false},"author":4,"featured_media":0,"parent":0,"menu_order":0,"comment_status":"closed","ping_status":"closed","template":"","meta":[],"_links":{"self":[{"href":"https:\/\/gestteatre.org\/index.php\/wp-json\/wp\/v2\/pages\/1656"}],"collection":[{"href":"https:\/\/gestteatre.org\/index.php\/wp-json\/wp\/v2\/pages"}],"about":[{"href":"https:\/\/gestteatre.org\/index.php\/wp-json\/wp\/v2\/types\/page"}],"author":[{"embeddable":true,"href":"https:\/\/gestteatre.org\/index.php\/wp-json\/wp\/v2\/users\/4"}],"replies":[{"embeddable":true,"href":"https:\/\/gestteatre.org\/index.php\/wp-json\/wp\/v2\/comments?post=1656"}],"version-history":[{"count":8,"href":"https:\/\/gestteatre.org\/index.php\/wp-json\/wp\/v2\/pages\/1656\/revisions"}],"predecessor-version":[{"id":1732,"href":"https:\/\/gestteatre.org\/index.php\/wp-json\/wp\/v2\/pages\/1656\/revisions\/1732"}],"wp:attachment":[{"href":"https:\/\/gestteatre.org\/index.php\/wp-json\/wp\/v2\/media?parent=1656"}],"curies":[{"name":"wp","href":"https:\/\/api.w.org\/{rel}","templated":true}]}}