{"id":1634,"date":"2020-09-30T16:46:17","date_gmt":"2020-09-30T15:46:17","guid":{"rendered":"http:\/\/gestteatre.org\/?page_id=1634"},"modified":"2020-09-30T20:46:34","modified_gmt":"2020-09-30T19:46:34","slug":"benvinguts-a-gest","status":"publish","type":"page","link":"https:\/\/gestteatre.org\/index.php\/benvinguts-a-gest\/","title":{"rendered":"Benvinguts a GEST"},"content":{"rendered":"<p style=\"text-align: center;\"><span style=\"font-size: 18pt;\"><strong>Benvinguts a GEST<\/strong><\/span><\/p>\n<p style=\"text-align: justify;\"><span lang=\"ES-TRAD\" style=\"font-size: 14pt;\"> GEST, Plataforma Balear de Teatre Amateur<\/strong> comen\u00e7a el seu cam\u00ed el 19 de gener de 2017 de la m\u00e0 de sis dels antics membres de la ja extinta Federaci\u00f3 Balear de Teatre Amateur, fundada l\u2019any 1998. Neix de la necessitat de fer visibles les inquietuds i preocupacions dels grups amateurs de Teatre de les Illes Balears, de trobar recolzament i eines de promoci\u00f3 i divulgaci\u00f3 de les seves activitats i, sobretot, de crear canals de comunicaci\u00f3 forts i estables que permetin fer arribar les seves veus i propostes culturals al p\u00fablic en general i als programadors i institucions en particular.<\/span><\/p>\n<p style=\"text-align: justify;\"><span style=\"font-size: 14pt;\"> <strong>GEST<\/strong> est\u00e0 formada per associacions plenes de persones, cada una d\u2019elles amb les seves  inquietuds i necessitats, les quals els hi han condu\u00eft a vincular-se al Teatre. Comptar amb el seu recolzament \u00e9s de tot punt necessari a l\u2019hora d\u2019elaborar i gestionar el nostre Projecte Cultural. Per aix\u00f2, l\u2019atenci\u00f3 individualitzada a cada grup, la col\u00b7laboraci\u00f3 entre aquests i la participaci\u00f3 oberta en la creaci\u00f3 i gesti\u00f3 del Projecte Cultural s\u00f3n els principals motors de GEST.<\/span> <\/p>\n<div>\n<p style=\"text-align: left;\"><span style=\"font-size: 14pt;\"> <strong>GEST <\/strong>t\u00e9 perfils en xarxes socials que ajuden a la difusi\u00f3 de les distintes activitats que els seus membres realitzen:<\/span><\/p>\n<p style=\"text-align: center;\">\n<p style=\"text-align: center;\"><span style=\"font-size: 14pt;\"><span style=\"font-size: 14pt;\"><img loading=\"lazy\" style=\"display: inline-block;\" src=\"wp-content\/uploads\/2020\/09\/facebook.png\" width=\"18\" height=\"18\" \/> <a href=\"https:\/\/www.facebook.com\/gestbalears\" target=\"_blank\" rel=\"noopener noreferrer\">Facebook<\/a> | <\/span><span style=\"font-size: 14pt;\"><img loading=\"lazy\" style=\"display: inline-block;\" src=\"images\/aleph\/social\/twitter.png\" width=\"18\" height=\"18\" border=\"0\" \/> <a href=\"wp-content\/uploads\/2020\/09\/twitter.png\" target=\"_blank\" rel=\"noopener noreferrer\">Twitter<\/a> | <\/span><span style=\"font-size: 14pt;\"><img loading=\"lazy\" style=\"display: inline-block;\" src=\" wp-content\/uploads\/2020\/09\/instagram.png\" width=\"18\" height=\"18\" border=\"0\" \/> <a href=\"https:\/\/www.instagram.com\/gestteatre\/\" target=\"_blank\" rel=\"noopener noreferrer\">Instagram<\/a><\/p>\n<p style=\"text-align: center;\">\n<\/div>\n<p style=\"text-align: justify;\"><span style=\"font-size: 14pt;\"> Per altres formes de contacte, vegeu la secci\u00f3 de Contacte en la web. <\/span><\/p>\n<p style=\"text-align: justify;\"><span style=\"font-size: 14pt;\"> Bienvenidos a GEST.<\/span><\/p>\n<p style=\"text-align: justify;\"><span style=\"font-size: 14pt;\">Salut i teatre!<\/span><\/p>\n","protected":false},"excerpt":{"rendered":"<p>Benvinguts a GEST GEST, Plataforma Balear de Teatre Amateur comen\u00e7a el seu cam\u00ed el 19 de gener de 2017 de la m\u00e0 de sis dels antics membres de la ja extinta Federaci\u00f3 Balear de Teatre Amateur, fundada l\u2019any 1998. Neix de la necessitat de fer visibles les inquietuds i preocupacions dels grups amateurs de Teatre [&hellip;]<\/p>\n","protected":false},"author":4,"featured_media":0,"parent":0,"menu_order":0,"comment_status":"closed","ping_status":"closed","template":"","meta":[],"_links":{"self":[{"href":"https:\/\/gestteatre.org\/index.php\/wp-json\/wp\/v2\/pages\/1634"}],"collection":[{"href":"https:\/\/gestteatre.org\/index.php\/wp-json\/wp\/v2\/pages"}],"about":[{"href":"https:\/\/gestteatre.org\/index.php\/wp-json\/wp\/v2\/types\/page"}],"author":[{"embeddable":true,"href":"https:\/\/gestteatre.org\/index.php\/wp-json\/wp\/v2\/users\/4"}],"replies":[{"embeddable":true,"href":"https:\/\/gestteatre.org\/index.php\/wp-json\/wp\/v2\/comments?post=1634"}],"version-history":[{"count":2,"href":"https:\/\/gestteatre.org\/index.php\/wp-json\/wp\/v2\/pages\/1634\/revisions"}],"predecessor-version":[{"id":1637,"href":"https:\/\/gestteatre.org\/index.php\/wp-json\/wp\/v2\/pages\/1634\/revisions\/1637"}],"wp:attachment":[{"href":"https:\/\/gestteatre.org\/index.php\/wp-json\/wp\/v2\/media?parent=1634"}],"curies":[{"name":"wp","href":"https:\/\/api.w.org\/{rel}","templated":true}]}}