{"id":1497,"date":"2020-09-12T12:37:25","date_gmt":"2020-09-12T11:37:25","guid":{"rendered":"http:\/\/gestteatre.org\/?page_id=1497"},"modified":"2020-09-12T12:37:27","modified_gmt":"2020-09-12T11:37:27","slug":"documentacio-2","status":"publish","type":"page","link":"https:\/\/gestteatre.org\/index.php\/documentacio-2\/","title":{"rendered":"Documentaci\u00f3"},"content":{"rendered":"\n<p>En aquest apartat es poden consultar els documents referents a la pr\u00f2pia Federaci\u00f3, aix\u00ed com altres textos d&#8217;utilitat per a les diferents associacions que la conformen:<\/p>\n\n\n\n<ul><li>Uneix-te a GEST &#8211; Requisits i documentaci\u00f3<\/li><li>Estatuts de la Federaci\u00f3<\/li><li>NIF de GEST Teatre<\/li><li>Logos de GEST Teatre<\/li><li>SGAE &#8211; Sol\u00b7licitud de permisos<\/li><\/ul>\n","protected":false},"excerpt":{"rendered":"<p>En aquest apartat es poden consultar els documents referents a la pr\u00f2pia Federaci\u00f3, aix\u00ed com altres textos d&#8217;utilitat per a les diferents associacions que la conformen: Uneix-te a GEST &#8211; Requisits i documentaci\u00f3 Estatuts de la Federaci\u00f3 NIF de GEST Teatre Logos de GEST Teatre SGAE &#8211; Sol\u00b7licitud de permisos<\/p>\n","protected":false},"author":4,"featured_media":0,"parent":0,"menu_order":0,"comment_status":"closed","ping_status":"closed","template":"","meta":[],"_links":{"self":[{"href":"https:\/\/gestteatre.org\/index.php\/wp-json\/wp\/v2\/pages\/1497"}],"collection":[{"href":"https:\/\/gestteatre.org\/index.php\/wp-json\/wp\/v2\/pages"}],"about":[{"href":"https:\/\/gestteatre.org\/index.php\/wp-json\/wp\/v2\/types\/page"}],"author":[{"embeddable":true,"href":"https:\/\/gestteatre.org\/index.php\/wp-json\/wp\/v2\/users\/4"}],"replies":[{"embeddable":true,"href":"https:\/\/gestteatre.org\/index.php\/wp-json\/wp\/v2\/comments?post=1497"}],"version-history":[{"count":1,"href":"https:\/\/gestteatre.org\/index.php\/wp-json\/wp\/v2\/pages\/1497\/revisions"}],"predecessor-version":[{"id":1498,"href":"https:\/\/gestteatre.org\/index.php\/wp-json\/wp\/v2\/pages\/1497\/revisions\/1498"}],"wp:attachment":[{"href":"https:\/\/gestteatre.org\/index.php\/wp-json\/wp\/v2\/media?parent=1497"}],"curies":[{"name":"wp","href":"https:\/\/api.w.org\/{rel}","templated":true}]}}