{"id":1345,"date":"2020-09-05T19:44:07","date_gmt":"2020-09-05T18:44:07","guid":{"rendered":"http:\/\/gestteatre.org\/?page_id=1345"},"modified":"2020-09-12T12:19:58","modified_gmt":"2020-09-12T11:19:58","slug":"documentacio","status":"publish","type":"page","link":"https:\/\/gestteatre.org\/index.php\/documentacio\/","title":{"rendered":"Documentaci\u00f3n"},"content":{"rendered":"\n<p>En este apartado se pueden consultar los documentos referentes a la propia Federaci\u00f3n, as\u00ed como otros textos de utilidad para las distintas asociaciones que la conforman:<\/p>\n\n\n\n<ul><li>\u00danete a GEST &#8211; Requisitos y documentaci\u00f3n<\/li><li><a href=\"https:\/\/gestteatre.org\/index.php\/estatuts-de-la-federacio\/\">Estatutos de la Federaci\u00f3n<\/a><\/li><li><a href=\"http:\/\/gestteatre.org\/gest-03-nif\/\" target=\"_blank\" rel=\"noreferrer noopener\">NIF<\/a> de GEST Teatre<\/li><li><a href=\"https:\/\/gestteatre.org\/index.php\/logos\/\" data-type=\"URL\" data-id=\"https:\/\/gestteatre.org\/index.php\/logos\/\">Logos de GEST Teatre<\/a><\/li><li>SGAE &#8211; <a href=\"http:\/\/www.sgae.es\/es-ES\/SitePages\/corp-ventalicenciaP3.aspx?c=5\" target=\"_blank\" rel=\"noreferrer noopener\">Solicitud de permisos<\/a><\/li><\/ul>\n","protected":false},"excerpt":{"rendered":"<p>En este apartado se pueden consultar los documentos referentes a la propia Federaci\u00f3n, as\u00ed como otros textos de utilidad para las distintas asociaciones que la conforman: \u00danete a GEST &#8211; Requisitos y documentaci\u00f3n Estatutos de la Federaci\u00f3n NIF de GEST Teatre Logos de GEST Teatre SGAE &#8211; Solicitud de permisos<\/p>\n","protected":false},"author":4,"featured_media":0,"parent":0,"menu_order":0,"comment_status":"closed","ping_status":"closed","template":"","meta":[],"_links":{"self":[{"href":"https:\/\/gestteatre.org\/index.php\/wp-json\/wp\/v2\/pages\/1345"}],"collection":[{"href":"https:\/\/gestteatre.org\/index.php\/wp-json\/wp\/v2\/pages"}],"about":[{"href":"https:\/\/gestteatre.org\/index.php\/wp-json\/wp\/v2\/types\/page"}],"author":[{"embeddable":true,"href":"https:\/\/gestteatre.org\/index.php\/wp-json\/wp\/v2\/users\/4"}],"replies":[{"embeddable":true,"href":"https:\/\/gestteatre.org\/index.php\/wp-json\/wp\/v2\/comments?post=1345"}],"version-history":[{"count":5,"href":"https:\/\/gestteatre.org\/index.php\/wp-json\/wp\/v2\/pages\/1345\/revisions"}],"predecessor-version":[{"id":1483,"href":"https:\/\/gestteatre.org\/index.php\/wp-json\/wp\/v2\/pages\/1345\/revisions\/1483"}],"wp:attachment":[{"href":"https:\/\/gestteatre.org\/index.php\/wp-json\/wp\/v2\/media?parent=1345"}],"curies":[{"name":"wp","href":"https:\/\/api.w.org\/{rel}","templated":true}]}}