{"id":1324,"date":"2020-09-05T18:42:36","date_gmt":"2020-09-05T17:42:36","guid":{"rendered":"http:\/\/gestteatre.org\/?page_id=1324"},"modified":"2020-09-29T09:07:29","modified_gmt":"2020-09-29T08:07:29","slug":"gest","status":"publish","type":"page","link":"https:\/\/gestteatre.org\/index.php\/gest\/","title":{"rendered":"GEST"},"content":{"rendered":"<p style=\"text-align: justify;\"><img loading=\"lazy\" class=\"wp-image-1443 alignright\" src=\"http:\/\/gestteatre.org\/wp-content\/uploads\/2020\/09\/GEST-Logo-color.png\" alt=\"\" width=\"361\" height=\"271\" srcset=\"https:\/\/gestteatre.org\/wp-content\/uploads\/2020\/09\/GEST-Logo-color.png 2048w, https:\/\/gestteatre.org\/wp-content\/uploads\/2020\/09\/GEST-Logo-color-300x225.png 300w, https:\/\/gestteatre.org\/wp-content\/uploads\/2020\/09\/GEST-Logo-color-1024x768.png 1024w, https:\/\/gestteatre.org\/wp-content\/uploads\/2020\/09\/GEST-Logo-color-768x576.png 768w, https:\/\/gestteatre.org\/wp-content\/uploads\/2020\/09\/GEST-Logo-color-1536x1152.png 1536w\" sizes=\"(max-width: 361px) 100vw, 361px\" \/><strong>GEST, Plataforma Balear de Teatre Amateur<\/strong> comen\u00e7a el seu cam\u00ed el 19 de gener de 2017 de la m\u00e0 de sis dels antics membres de la ja extinta Federaci\u00f3 Balear de Teatre Amateur, fundada l\u2019any 1998. Neix de la necessitat de fer visibles les inquietuds i preocupacions dels grups amateurs de Teatre de les Illes Balears, de trobar recolzament i eines de promoci\u00f3 i divulgaci\u00f3 de les seves activitats i, sobretot, de crear canals de comunicaci\u00f3 forts i estables que permetin fer arribar les seves veus i propostes culturals al p\u00fablic en general i als programadors i institucions en particular.<\/p>\n<p style=\"text-align: justify;\"><strong>GEST<\/strong> est\u00e0 formada per associacions plenes de persones, cada una d\u2019elles amb les seves\u00a0 inquietuds i necessitats, les quals els hi han condu\u00eft a vincular-se al Teatre. Comptar amb el seu recolzament \u00e9s de tot punt necessari a l\u2019hora d\u2019elaborar i gestionar el nostre Projecte Cultural. Per aix\u00f2, l\u2019atenci\u00f3 individualitzada a cada grup, la col\u00b7laboraci\u00f3 entre aquests i la participaci\u00f3 oberta en la creaci\u00f3 i gesti\u00f3 del Projecte Cultural s\u00f3n els principals motors de GEST.<\/p>\n<p style=\"text-align: justify;\">A <strong>GEST<\/strong> som conscients que ens ha tocat viure uns temps molt dif\u00edcils, tant pel que fa a la societat com pel que fa a l\u2019activitat cultura. Per un costat tenim una normativa fiscal que quasi equipara a les entitats sense \u00e0nim de lucre a les entitats empresarials, per altra tenim una imminent depressi\u00f3 econ\u00f2mica que agreujar\u00e0, encara m\u00e9s, el poc cas que ens venen fent les institucions aquests darrers anys. I per altra banda la COVID-19.<\/p>\n<p style=\"text-align: justify;\">Estam en <strong>ALERTA ROJA<\/strong>, i si hi ha un moment per associar-se \u00e9s just ara. A<strong> GEST<\/strong> trobareu la col\u00b7laboraci\u00f3 i experi\u00e8ncia dels nostres socis que, a l\u2019hora, s\u2019enriquiran amb la vostra participaci\u00f3. A <strong>GEST<\/strong> comptam amb l\u2019assessorament fiscal, comptable i jur\u00eddic de professionals especialistes que ens fan m\u00e9s f\u00e0cil superar les traves normatives i burocr\u00e0tiques; comptam amb convenis que ens donen acc\u00e9s a serveis a un preu molt avantatj\u00f3s; tenim contactes amb altres Federacions de Teatre Nacionals i Internacionals; comptam amb persones que duen la nostra veu davant l\u2019INAEM i davant d\u2019entitats internacionals com AMATEO, CIFTA o AITA. I, el m\u00e9s important, formam part\u00a0 d\u2019una fam\u00edlia creixent de persones que estimen el Teatre. Entre tots ho farem possible\u2026 <em>tot anir\u00e0 b\u00e9.<\/em><\/p>\n<p style=\"text-align: justify;\">Salut i bon Teatre.<\/p>\n<p style=\"text-align: justify;\">Toni Borr\u00e0s.<\/p>\n<p style=\"text-align: justify;\">President.<\/p>\n","protected":false},"excerpt":{"rendered":"<p>GEST, Plataforma Balear de Teatre Amateur comen\u00e7a el seu cam\u00ed el 19 de gener de 2017 de la m\u00e0 de sis dels antics membres de la ja extinta Federaci\u00f3 Balear de Teatre Amateur, fundada l\u2019any 1998. Neix de la necessitat de fer visibles les inquietuds i preocupacions dels grups amateurs de Teatre de les Illes [&hellip;]<\/p>\n","protected":false},"author":4,"featured_media":0,"parent":0,"menu_order":0,"comment_status":"closed","ping_status":"closed","template":"","meta":[],"_links":{"self":[{"href":"https:\/\/gestteatre.org\/index.php\/wp-json\/wp\/v2\/pages\/1324"}],"collection":[{"href":"https:\/\/gestteatre.org\/index.php\/wp-json\/wp\/v2\/pages"}],"about":[{"href":"https:\/\/gestteatre.org\/index.php\/wp-json\/wp\/v2\/types\/page"}],"author":[{"embeddable":true,"href":"https:\/\/gestteatre.org\/index.php\/wp-json\/wp\/v2\/users\/4"}],"replies":[{"embeddable":true,"href":"https:\/\/gestteatre.org\/index.php\/wp-json\/wp\/v2\/comments?post=1324"}],"version-history":[{"count":4,"href":"https:\/\/gestteatre.org\/index.php\/wp-json\/wp\/v2\/pages\/1324\/revisions"}],"predecessor-version":[{"id":1618,"href":"https:\/\/gestteatre.org\/index.php\/wp-json\/wp\/v2\/pages\/1324\/revisions\/1618"}],"wp:attachment":[{"href":"https:\/\/gestteatre.org\/index.php\/wp-json\/wp\/v2\/media?parent=1324"}],"curies":[{"name":"wp","href":"https:\/\/api.w.org\/{rel}","templated":true}]}}