{"id":1885,"date":"2020-12-23T18:50:43","date_gmt":"2020-12-23T17:50:43","guid":{"rendered":"http:\/\/gestteatre.org\/?page_id=1885"},"modified":"2020-12-23T18:50:53","modified_gmt":"2020-12-23T17:50:53","slug":"aula-3-teatre","status":"publish","type":"page","link":"http:\/\/gestteatre.org\/index.php\/aula-3-teatre\/","title":{"rendered":"AULA 3 TEATRE"},"content":{"rendered":"<table style=\"border-collapse: collapse; width: 100%; height: 241px;\" border=\"1\">\n<tbody>\n<tr style=\"height: 21px;\">\n<td style=\"width: 50%; height: 21px;\"><strong>Contacte<\/strong><\/td>\n<td style=\"width: 50%; height: 21px;\"><\/td>\n<\/tr>\n<tr style=\"height: 115px;\">\n<td style=\"width: 50%; height: 115px;\">Maria Josep Carrasco Escandell<\/p>\n<p>C\/ Son Canals 10, baixos<br \/>\nPalma 07008<\/p>\n<p>Tel\u00e8fon: 626556076<\/p>\n<p>E-mail: aula3teatre@gmail.com<\/p>\n<p><a href=\"https:\/\/www.facebook.com\/teatrecepasoncanals\/\">Facebook<\/a><\/p>\n<p><a href=\"https:\/\/www.instagram.com\/3aula\/\">Instagram<\/a><\/td>\n<td style=\"width: 50%; height: 115px;\"><img loading=\"lazy\" class=\"alignnone size-full wp-image-1886\" src=\"http:\/\/gestteatre.org\/wp-content\/uploads\/2020\/12\/LogoAula3Teatre-AULA-3-TEATRE_page-0001.jpg\" alt=\"\" width=\"1240\" height=\"1755\" srcset=\"http:\/\/gestteatre.org\/wp-content\/uploads\/2020\/12\/LogoAula3Teatre-AULA-3-TEATRE_page-0001.jpg 1240w, http:\/\/gestteatre.org\/wp-content\/uploads\/2020\/12\/LogoAula3Teatre-AULA-3-TEATRE_page-0001-212x300.jpg 212w, http:\/\/gestteatre.org\/wp-content\/uploads\/2020\/12\/LogoAula3Teatre-AULA-3-TEATRE_page-0001-724x1024.jpg 724w, http:\/\/gestteatre.org\/wp-content\/uploads\/2020\/12\/LogoAula3Teatre-AULA-3-TEATRE_page-0001-768x1087.jpg 768w, http:\/\/gestteatre.org\/wp-content\/uploads\/2020\/12\/LogoAula3Teatre-AULA-3-TEATRE_page-0001-1085x1536.jpg 1085w\" sizes=\"(max-width: 1240px) 100vw, 1240px\" \/><\/td>\n<\/tr>\n<tr style=\"height: 21px;\">\n<td style=\"width: 100%; height: 21px; text-align: justify;\" colspan=\"2\">Aula 3 teatre va n\u00e9ixer el 2006 com a un taller de teatre no reglat del CEPA Son Canals, un centre p\u00fablic d\u2019ensenyament de persones adultes situat a la barriada de Son Canals de Palma. El perfil de l&#8217;alumnat \u00e9s divers, tots han de tenir com a m\u00ednim 18 anys, des de persones que no han pogut assolir el graduat en educaci\u00f3 secund\u00e0ria durant la seva escolaritzaci\u00f3 obligat\u00f2ria, fins a persones jubilades que tenen ganes de desenvolupar activitats que potser abans no han pogut practicar. La forquilla d\u2019edat dels assistents al taller es troba actualment entre els 40 i els 70 anys. Tots tenim en com\u00fa la il\u00b7lusi\u00f3 i la passi\u00f3 pel teatre.<\/p>\n<p>Els nostres objectius s\u00f3n:<br \/>\n1. Proporcionar als membres del grup eines teatrals i interpretatives per millorar l&#8217;autoestima i la comunicaci\u00f3 interpersonal, tot desenvolupant la imaginaci\u00f3, la creativitat i el sentit cr\u00edtic.<br \/>\n2. Fomentar i millorar l\u2019\u00fas de la llengua catalana.<br \/>\n3. Dur a terme una representaci\u00f3 a final de curs, adequada a les possibilitats del grup.<\/p>\n<p>Durant els primers anys ens v\u00e0rem plantejar dur a terme un muntatge teatral per a representar a final de curs, al Tinell de l&#8217;escola i aix\u00ed ho f\u00e9rem durant 11 anys. El curs 2017-2018 v\u00e0rem decidir ser una mica m\u00e9s ambiciosos i, despr\u00e9s d&#8217;estrenar \u00abAulularia\u00bb al Tinell del centre ens v\u00e0rem presentar a la mostra Burball que organitza l&#8217;Ajuntament de Palma, ens varen acceptar i la represent\u00e0rem, per primera vegada a un teatre, davant un p\u00fablic m\u00e9s divers. L&#8217;experi\u00e8ncia va ser molt motivadora i gratificant. L&#8217;any seg\u00fcent, 2019, munt\u00e0rem \u00abGente bien\u00bb i ens tornarem a presentar al Burball, a part de fer altres actuacions, a l&#8217;IES Marratx\u00ed, Consell&#8230;<\/p>\n<p>Aquest \u00e9s l&#8217;origen del nostre grup. El que ara ens plantejam \u00e9s continuar fent feina per poder gaudir del teatre i dels vincles que hem creat entre nosaltres.<\/td>\n<\/tr>\n<tr style=\"height: 21px;\">\n<td style=\"width: 100%; height: 21px;\" colspan=\"2\"><strong>Integrants<\/strong><\/td>\n<\/tr>\n<tr style=\"height: 21px;\">\n<td style=\"width: 100%; height: 21px;\" colspan=\"2\">Actors i actrius:<\/p>\n<ul>\n<li>Assumpci\u00f3 Juaneda<\/li>\n<li>Antoni Vidal<\/li>\n<li>Emi Fern\u00e0ndez<\/li>\n<li>Flora \u00cdnsua<\/li>\n<li>Isabel Moya<\/li>\n<li>Joan Coll<\/li>\n<li>Joan Vich<\/li>\n<li>Marga Fern\u00e1ndez<\/li>\n<li>Maribel Oguis<\/li>\n<li>Miquel Fiol<\/li>\n<li>Xisco Vidal<\/li>\n<\/ul>\n<p>Escenografia, cartells:<\/p>\n<ul>\n<li>Bartomeu Cabot<\/li>\n<\/ul>\n<p>Direcci\u00f3:<\/p>\n<ul>\n<li>Maria Josep Carrasco<\/li>\n<\/ul>\n<\/td>\n<\/tr>\n<tr style=\"height: 21px;\">\n<td style=\"width: 100%; height: 21px;\" colspan=\"2\"><strong>Cat\u00e0leg teatral<\/strong><\/td>\n<\/tr>\n<tr style=\"height: 21px;\">\n<td style=\"width: 100%; height: 21px;\" colspan=\"2\">\n<ul>\n<li>2019: \u00abGente bien\u00bb de Santiago Rusi\u00f1ol<\/li>\n<li>2018: \u00abAulularia. La com\u00e8dia de l\u2019olla\u00bb de Plaute<\/li>\n<li>2017: \u00abParets mitgeres\u00bb de Marc Egea (basat en peces de microteatre)<\/li>\n<li>2016: \u00abA l\u2019estaci\u00f3\u00bb(basat en Karl Valentin)<\/li>\n<li>2015: \u00abKnockout\u00bb (basat en Jordi Belbel)<\/li>\n<li>2014: \u00abLokus\u00bb de Pon\u00e7 Pons<\/li>\n<li>2013: \u00abBesos\u00bb de Carles Alberola<\/li>\n<li>2012: \u00abFormaci\u00f3n del esp\u00edritu nacional\u00bb(basat en el Florido pensil)<\/li>\n<li>2010: \u00abHotel Cosmopolita\u00bb de Gabriel Cort\u00e8s<\/li>\n<li>2009: \u00abUn tast de Moli\u00e8re\u00bb (basat en fragments d\u2019obres de Moli\u00e8re)<\/li>\n<li>2008: \u00abEl retaule del flautista\u00bb de Jordi Teixidor (fragment)<\/li>\n<li>2007: \u00abSis hist\u00f2ries d\u2019amor\u00bb (basat en 21 hist\u00f2ries d\u2019amor de Francesc Pereira)<\/li>\n<\/ul>\n<\/td>\n<\/tr>\n<\/tbody>\n<\/table>\n","protected":false},"excerpt":{"rendered":"<p>Contacte Maria Josep Carrasco Escandell C\/ Son Canals 10, baixos Palma 07008 Tel\u00e8fon: 626556076 E-mail: aula3teatre@gmail.com Facebook Instagram Aula 3 teatre va n\u00e9ixer el 2006 com a un taller de teatre no reglat del CEPA Son Canals, un centre p\u00fablic d\u2019ensenyament de persones adultes situat a la barriada de Son Canals de Palma. El perfil [&hellip;]<\/p>\n","protected":false},"author":4,"featured_media":0,"parent":0,"menu_order":0,"comment_status":"closed","ping_status":"closed","template":"","meta":[],"_links":{"self":[{"href":"http:\/\/gestteatre.org\/index.php\/wp-json\/wp\/v2\/pages\/1885"}],"collection":[{"href":"http:\/\/gestteatre.org\/index.php\/wp-json\/wp\/v2\/pages"}],"about":[{"href":"http:\/\/gestteatre.org\/index.php\/wp-json\/wp\/v2\/types\/page"}],"author":[{"embeddable":true,"href":"http:\/\/gestteatre.org\/index.php\/wp-json\/wp\/v2\/users\/4"}],"replies":[{"embeddable":true,"href":"http:\/\/gestteatre.org\/index.php\/wp-json\/wp\/v2\/comments?post=1885"}],"version-history":[{"count":1,"href":"http:\/\/gestteatre.org\/index.php\/wp-json\/wp\/v2\/pages\/1885\/revisions"}],"predecessor-version":[{"id":1887,"href":"http:\/\/gestteatre.org\/index.php\/wp-json\/wp\/v2\/pages\/1885\/revisions\/1887"}],"wp:attachment":[{"href":"http:\/\/gestteatre.org\/index.php\/wp-json\/wp\/v2\/media?parent=1885"}],"curies":[{"name":"wp","href":"https:\/\/api.w.org\/{rel}","templated":true}]}}