{"id":1852,"date":"2020-12-10T11:02:43","date_gmt":"2020-12-10T10:02:43","guid":{"rendered":"http:\/\/gestteatre.org\/?page_id=1852"},"modified":"2021-02-27T22:57:56","modified_gmt":"2021-02-27T21:57:56","slug":"hago-chass","status":"publish","type":"page","link":"http:\/\/gestteatre.org\/index.php\/figura-t-de-teatro\/hago-chass\/","title":{"rendered":"Hago Chass"},"content":{"rendered":"<table style=\"border-collapse: collapse; width: 100%; height: 84px;\" border=\"1\">\n<tbody>\n<tr style=\"height: 21px;\">\n<td style=\"width: 50%; height: 21px;\"><strong>Fitxa t\u00e8cnica<\/strong><\/td>\n<td style=\"width: 50%; height: 84px;\" rowspan=\"4\"><img loading=\"lazy\" class=\"alignnone size-full wp-image-1854\" src=\"http:\/\/gestteatre.org\/wp-content\/uploads\/2020\/12\/Cartel-Nuevo-Hago-Chass-en-GIMP-Compania-FiguraT-de-Teatro.png\" alt=\"\" width=\"2334\" height=\"3306\" srcset=\"http:\/\/gestteatre.org\/wp-content\/uploads\/2020\/12\/Cartel-Nuevo-Hago-Chass-en-GIMP-Compania-FiguraT-de-Teatro.png 2334w, http:\/\/gestteatre.org\/wp-content\/uploads\/2020\/12\/Cartel-Nuevo-Hago-Chass-en-GIMP-Compania-FiguraT-de-Teatro-212x300.png 212w, http:\/\/gestteatre.org\/wp-content\/uploads\/2020\/12\/Cartel-Nuevo-Hago-Chass-en-GIMP-Compania-FiguraT-de-Teatro-723x1024.png 723w, http:\/\/gestteatre.org\/wp-content\/uploads\/2020\/12\/Cartel-Nuevo-Hago-Chass-en-GIMP-Compania-FiguraT-de-Teatro-768x1088.png 768w, http:\/\/gestteatre.org\/wp-content\/uploads\/2020\/12\/Cartel-Nuevo-Hago-Chass-en-GIMP-Compania-FiguraT-de-Teatro-1084x1536.png 1084w, http:\/\/gestteatre.org\/wp-content\/uploads\/2020\/12\/Cartel-Nuevo-Hago-Chass-en-GIMP-Compania-FiguraT-de-Teatro-1446x2048.png 1446w\" sizes=\"(max-width: 2334px) 100vw, 2334px\" \/><\/td>\n<\/tr>\n<tr style=\"height: 21px;\">\n<td style=\"width: 50%; height: 21px; text-align: justify;\"><em>Companyia<\/em>: Figura-T de Teatro<br \/>\n<em>G\u00e9nere<\/em>: Comedia<br \/>\n<em>Autor<\/em>: Miren Legorburu<br \/>\n<em>Direcci\u00f3<\/em>: Miren Legorburu<br \/>\n<em>Repartiment<\/em>:Cris: Miren Legorburu<br \/>\nChass: Alejandro Madrid<br \/>\n\u00c1lex: Pedro P\u00e9rez<br \/>\nRoxaan: Ra\u00fal Bueno<br \/>\nDiana: Elena P\u00e9rez<br \/>\nPaquito: Sergi Mart\u00ednez<br \/>\nJohny: Miki Prieto<\/p>\n<p><em>Duraci\u00f3 aproximada<\/em>: 1h. 15 min.<br \/>\n<em>Data d&#8217;estrena<\/em>: 17\/10\/2019<br \/>\n<i>Lloc d&#8217;estrena<\/i>: Teatre Municipal Catalina Valls<br \/>\n<em>Altres representacions<\/em>:<\/p>\n<p>30\/11\/2019 &#8211; Teatre de la Parroquia de l&#8217;Assumpci\u00f3 de Palma.<\/td>\n<\/tr>\n<tr style=\"height: 21px;\">\n<td style=\"width: 50%; height: 21px;\"><strong>Sinopsi<\/strong><\/td>\n<\/tr>\n<tr style=\"height: 21px;\">\n<td style=\"width: 50%; height: 21px; text-align: justify;\">Cristina, una prestigiosa abogada de mediana edad, no s\u00f3lo tiene \u00e9xito profesional sino que la vida tambi\u00e9n le sonr\u00ede en el plano personal. Como buena \u201csoltera de oro\u201d no tiene problemas en conquistar a chicos m\u00e1s j\u00f3venes que ella, debido a su encanto natural y a sus canas sexis y elegantes. Aunque vive en un mundo superficial y trata a los hombres con superioridad, esa vida le llena de satisfacci\u00f3n (o al menos eso cree). La obra comienza en el bar de copas donde la mejor amiga de Cristina, Diana, trabaja como cantante. All\u00ed suelen quedar las tres amigas para charlar, ligar, ver el f\u00fatbol&#8230;.. Esa noche conocen a dos chicos (Chass y Johny), y Roxaan (la m\u00e1s descarada y bruta del grupo) se excede en sus comentarios hacia los j\u00f3venes&#8230;Cristina sale en defensa de Chass y as\u00ed comienzan una relaci\u00f3n donde las mentiras, los enredos y las risas ser\u00e1n los protagonistas de la obra. El resto de personajes est\u00e1 compuesto por \u00c1lex, (el secretario de Cris) y Catalina y Xisco (los hijos de este). Cris engatusar\u00e1 a su fiel y discreto secretario para que, junto a sus hijos, forme parte de una farsa para hacer creer al joven Chass que ella es una mujer seria y dispuesta al compromiso. A medida que Cris va intimando m\u00e1s con su secretario ir\u00e1 descubriendo nuevos valores en su interior&#8230;<\/td>\n<\/tr>\n<tr>\n<td style=\"text-align: justify;\" colspan=\"2\"><strong>Enlla\u00e7os d&#8217;inter\u00e8s<\/strong><\/td>\n<\/tr>\n<tr>\n<td style=\"width: 50%; text-align: justify;\" colspan=\"2\">https:\/\/www.facebook.com\/figuratdeteatro https:\/\/www.youtube.com\/channel\/UC4E5gWM4UtvDCKUynb6tnbQ<\/td>\n<\/tr>\n<\/tbody>\n<\/table>\n<p><a href=\"http:\/\/gestteatre.org\/wp-content\/uploads\/2020\/12\/Hago-Chass-Ficha-Tecnica-y-Rider-Compania-FiguraT-de-Teatro.pdf\">Hago Chass &#8211; Fitxa T\u00e8cnica i Rider &#8211; Companyia FiguraT de Teatro<\/a><\/p>\n","protected":false},"excerpt":{"rendered":"<p>Fitxa t\u00e8cnica Companyia: Figura-T de Teatro G\u00e9nere: Comedia Autor: Miren Legorburu Direcci\u00f3: Miren Legorburu Repartiment:Cris: Miren Legorburu Chass: Alejandro Madrid \u00c1lex: Pedro P\u00e9rez Roxaan: Ra\u00fal Bueno Diana: Elena P\u00e9rez Paquito: Sergi Mart\u00ednez Johny: Miki Prieto Duraci\u00f3 aproximada: 1h. 15 min. Data d&#8217;estrena: 17\/10\/2019 Lloc d&#8217;estrena: Teatre Municipal Catalina Valls Altres representacions: 30\/11\/2019 &#8211; Teatre de [&hellip;]<\/p>\n","protected":false},"author":4,"featured_media":0,"parent":1670,"menu_order":0,"comment_status":"closed","ping_status":"closed","template":"","meta":[],"_links":{"self":[{"href":"http:\/\/gestteatre.org\/index.php\/wp-json\/wp\/v2\/pages\/1852"}],"collection":[{"href":"http:\/\/gestteatre.org\/index.php\/wp-json\/wp\/v2\/pages"}],"about":[{"href":"http:\/\/gestteatre.org\/index.php\/wp-json\/wp\/v2\/types\/page"}],"author":[{"embeddable":true,"href":"http:\/\/gestteatre.org\/index.php\/wp-json\/wp\/v2\/users\/4"}],"replies":[{"embeddable":true,"href":"http:\/\/gestteatre.org\/index.php\/wp-json\/wp\/v2\/comments?post=1852"}],"version-history":[{"count":3,"href":"http:\/\/gestteatre.org\/index.php\/wp-json\/wp\/v2\/pages\/1852\/revisions"}],"predecessor-version":[{"id":1918,"href":"http:\/\/gestteatre.org\/index.php\/wp-json\/wp\/v2\/pages\/1852\/revisions\/1918"}],"up":[{"embeddable":true,"href":"http:\/\/gestteatre.org\/index.php\/wp-json\/wp\/v2\/pages\/1670"}],"wp:attachment":[{"href":"http:\/\/gestteatre.org\/index.php\/wp-json\/wp\/v2\/media?parent=1852"}],"curies":[{"name":"wp","href":"https:\/\/api.w.org\/{rel}","templated":true}]}}