{"id":1848,"date":"2020-12-10T10:57:57","date_gmt":"2020-12-10T09:57:57","guid":{"rendered":"http:\/\/gestteatre.org\/?page_id=1848"},"modified":"2021-02-27T22:59:01","modified_gmt":"2021-02-27T21:59:01","slug":"la-hostalera","status":"publish","type":"page","link":"http:\/\/gestteatre.org\/index.php\/figura-t-de-teatro\/la-hostalera\/","title":{"rendered":"La Hostalera"},"content":{"rendered":"<p>&nbsp;<\/p>\n<table style=\"border-collapse: collapse; width: 100%; height: 84px;\" border=\"1\">\n<tbody>\n<tr style=\"height: 21px;\">\n<td style=\"width: 50%; height: 21px;\"><strong>Fitxa t\u00e8cnica<\/strong><\/td>\n<td style=\"width: 50%; height: 84px;\" rowspan=\"4\"><img loading=\"lazy\" class=\"alignnone size-full wp-image-1850\" src=\"http:\/\/gestteatre.org\/wp-content\/uploads\/2020\/12\/Cartel-LA-HOSTALERA-nuevo-Compania-FiguraT-de-Teatro.png\" alt=\"\" width=\"2339\" height=\"3307\" srcset=\"http:\/\/gestteatre.org\/wp-content\/uploads\/2020\/12\/Cartel-LA-HOSTALERA-nuevo-Compania-FiguraT-de-Teatro.png 2339w, http:\/\/gestteatre.org\/wp-content\/uploads\/2020\/12\/Cartel-LA-HOSTALERA-nuevo-Compania-FiguraT-de-Teatro-212x300.png 212w, http:\/\/gestteatre.org\/wp-content\/uploads\/2020\/12\/Cartel-LA-HOSTALERA-nuevo-Compania-FiguraT-de-Teatro-724x1024.png 724w, http:\/\/gestteatre.org\/wp-content\/uploads\/2020\/12\/Cartel-LA-HOSTALERA-nuevo-Compania-FiguraT-de-Teatro-768x1086.png 768w, http:\/\/gestteatre.org\/wp-content\/uploads\/2020\/12\/Cartel-LA-HOSTALERA-nuevo-Compania-FiguraT-de-Teatro-1086x1536.png 1086w, http:\/\/gestteatre.org\/wp-content\/uploads\/2020\/12\/Cartel-LA-HOSTALERA-nuevo-Compania-FiguraT-de-Teatro-1449x2048.png 1449w\" sizes=\"(max-width: 2339px) 100vw, 2339px\" \/><\/td>\n<\/tr>\n<tr style=\"height: 21px;\">\n<td style=\"width: 50%; height: 21px; text-align: justify;\"><em>Companyia<\/em>: Figura-T de Teatro<br \/>\n<em>G\u00e9nere<\/em>: Comedia<br \/>\n<em>Autor<\/em>: Carlo Goldoni (adaptaci\u00f3n)<br \/>\n<em>Direcci\u00f3<\/em>: Elena P\u00e9rez<br \/>\n<em>Repartiment<\/em>:Mirandolina: Miren Legorburu<br \/>\nFabricio: Alejandro Madrid<br \/>\nCaballero: Pedro P\u00e9rez<br \/>\nMarqu\u00e9s: Ra\u00fal Bueno<\/p>\n<p><em>Duraci\u00f3 aproximada<\/em>: 1h y 15 min.<br \/>\n<em>Data d&#8217;estrena<\/em>: 11\/10\/20<br \/>\n<em>Lloc d&#8217;estrena<\/em>: Teatre Municipal Catalina Valls<\/td>\n<\/tr>\n<tr style=\"height: 21px;\">\n<td style=\"width: 50%; height: 21px;\"><strong>Sinopsi<\/strong><\/td>\n<\/tr>\n<tr style=\"height: 21px;\">\n<td style=\"width: 50%; height: 21px; text-align: justify;\">Mirandolina es constantemente cortejada por cada hombre que pasa por su posada y de una forma muy particular por el marqu\u00e9s de Forlipopoli, un arist\u00f3crata, quien no posee otra cosa m\u00e1s que su t\u00edtulo nobiliario. El personaje representa los extremos de la alta sociedad veneciana de aquel tiempo. El marqu\u00e9s, sosteni\u00e9ndose en su honor, est\u00e1 convencido que basta con su protecci\u00f3n y regalos de poco valor para conquistar el coraz\u00f3n de una mujer. La astuta due\u00f1a del hostal, como buena comerciante, sin dejarse embaucar, siempre deja la esperanza de una posible conquista. Los nobles clientes tardan en abandonar la hoster\u00eda, y de esta manera contribuyen al aumento de las ganancias de Mirandolina. La llegada del Caballero de Riprafratta, un alto aristocr\u00e1tico y un mis\u00f3gino, que desprecia toda mujer, rompe el equilibrio instaurado en la hoster\u00eda. El Caballero, por su origen noble, se lamenta del servicio de la hoster\u00eda, da \u00f3rdenes a Mirandolina y critica al marqu\u00e9s por rebajarse a cortejar a una mujer com\u00fan. Mirandolina, aferrada a su orgullo femenino y no estando habituada a ser tratada como una sierva, se propone hacer que El Caballero se enamore de ella. En poco tiempo, vence en su intento: El Caballero cede y, todo el odio hacia las mujeres se transforma en un amor apasionado que lo atormenta. Su desprecio por el sexo femenino lo vuelve vulnerable a las armas de esta mujer.<\/td>\n<\/tr>\n<tr>\n<td style=\"text-align: justify;\" colspan=\"2\"><strong>Enlla\u00e7os d&#8217;inter\u00e8s<\/strong><\/td>\n<\/tr>\n<tr>\n<td style=\"width: 50%; text-align: justify;\" colspan=\"2\">https:\/\/www.facebook.com\/figuratdeteatro<\/td>\n<\/tr>\n<\/tbody>\n<\/table>\n<p><a href=\"http:\/\/gestteatre.org\/wp-content\/uploads\/2020\/12\/Ficha-Tecnica-y-Rider-LA-HOSTALERA-Compania-FiguraT-de-Teatro.pdf\">Fitxa T\u00e8cnica i Rider LA HOSTALERA &#8211; Companyia FiguraT de Teatro<\/a><\/p>\n","protected":false},"excerpt":{"rendered":"<p>&nbsp; Fitxa t\u00e8cnica Companyia: Figura-T de Teatro G\u00e9nere: Comedia Autor: Carlo Goldoni (adaptaci\u00f3n) Direcci\u00f3: Elena P\u00e9rez Repartiment:Mirandolina: Miren Legorburu Fabricio: Alejandro Madrid Caballero: Pedro P\u00e9rez Marqu\u00e9s: Ra\u00fal Bueno Duraci\u00f3 aproximada: 1h y 15 min. Data d&#8217;estrena: 11\/10\/20 Lloc d&#8217;estrena: Teatre Municipal Catalina Valls Sinopsi Mirandolina es constantemente cortejada por cada hombre que pasa por su [&hellip;]<\/p>\n","protected":false},"author":4,"featured_media":0,"parent":1670,"menu_order":0,"comment_status":"closed","ping_status":"closed","template":"","meta":[],"_links":{"self":[{"href":"http:\/\/gestteatre.org\/index.php\/wp-json\/wp\/v2\/pages\/1848"}],"collection":[{"href":"http:\/\/gestteatre.org\/index.php\/wp-json\/wp\/v2\/pages"}],"about":[{"href":"http:\/\/gestteatre.org\/index.php\/wp-json\/wp\/v2\/types\/page"}],"author":[{"embeddable":true,"href":"http:\/\/gestteatre.org\/index.php\/wp-json\/wp\/v2\/users\/4"}],"replies":[{"embeddable":true,"href":"http:\/\/gestteatre.org\/index.php\/wp-json\/wp\/v2\/comments?post=1848"}],"version-history":[{"count":3,"href":"http:\/\/gestteatre.org\/index.php\/wp-json\/wp\/v2\/pages\/1848\/revisions"}],"predecessor-version":[{"id":1920,"href":"http:\/\/gestteatre.org\/index.php\/wp-json\/wp\/v2\/pages\/1848\/revisions\/1920"}],"up":[{"embeddable":true,"href":"http:\/\/gestteatre.org\/index.php\/wp-json\/wp\/v2\/pages\/1670"}],"wp:attachment":[{"href":"http:\/\/gestteatre.org\/index.php\/wp-json\/wp\/v2\/media?parent=1848"}],"curies":[{"name":"wp","href":"https:\/\/api.w.org\/{rel}","templated":true}]}}