{"id":1845,"date":"2020-12-10T10:43:22","date_gmt":"2020-12-10T09:43:22","guid":{"rendered":"http:\/\/gestteatre.org\/?page_id=1845"},"modified":"2020-12-10T10:43:22","modified_gmt":"2020-12-10T09:43:22","slug":"associacio-la-vila-accio-teatral","status":"publish","type":"page","link":"http:\/\/gestteatre.org\/index.php\/associacio-la-vila-accio-teatral\/","title":{"rendered":"ASSOCIACI\u00d3 LA VILA ACCI\u00d3 TEATRAL"},"content":{"rendered":"<table style=\"border-collapse: collapse; width: 100%; height: 241px;\" border=\"1\">\n<tbody>\n<tr style=\"height: 21px;\">\n<td style=\"width: 50%; height: 21px;\"><strong>Contacte<\/strong><\/td>\n<td style=\"width: 50%; height: 21px;\"><\/td>\n<\/tr>\n<tr style=\"height: 115px;\">\n<td style=\"width: 50%; height: 115px;\">Maria Cristina Brunet Alc\u00e1zar<\/p>\n<p>C\/ Ca&#8217;n Neula, 0<br \/>\n07540 Son Carri\u00f3<\/p>\n<p>Tel\u00e8fon: 971847353<\/p>\n<p>E-mail: lavila.accioteatral@gmail.com<\/p>\n<p><a href=\"https:\/\/www.facebook.com\/lavilaaccioteatral\">Facebook<\/a><\/td>\n<td style=\"width: 50%; height: 115px;\"><img loading=\"lazy\" class=\"size-full wp-image-1846 aligncenter\" src=\"http:\/\/gestteatre.org\/wp-content\/uploads\/2020\/12\/20170727_233710-La-Vila-Accio-Teatral.png\" alt=\"\" width=\"230\" height=\"168\" \/><\/td>\n<\/tr>\n<tr style=\"height: 21px;\">\n<td style=\"width: 50%; height: 21px; text-align: justify;\" colspan=\"2\">La Vila Associaci\u00f3 Cultural sorgeix a partir de la creaci\u00f3 d&#8217;una agrupaci\u00f3 teatral amateur amb ganes de fer projectes i de la necessitat de donar cabuda a altres persones que volgu\u00e9ssin acostar-se a les arts esc\u00e8niques fora del m\u00f3n professional organitzant cursos, projectes teatrals, xerrades, espectacles i, en definitiva, facilitar els recursos per a l&#8217;experimentaci\u00f3 i l&#8217;enriquiment dels amants del teatre.<\/td>\n<\/tr>\n<tr style=\"height: 21px;\">\n<td style=\"width: 50%; height: 21px;\" colspan=\"2\"><strong>Integrants<\/strong><\/td>\n<\/tr>\n<tr style=\"height: 21px;\">\n<td style=\"width: 50%; height: 21px;\" colspan=\"2\">\n<ul>\n<li>Maria Cristina Brunet Alc\u00e1zar, actriu-presidenta<\/li>\n<li>Juana Serra Huguet, secretaria i tresorera<\/li>\n<li>Joana Salas Sureda, vocal<\/li>\n<li>Xesca Forteza Pernia, vocal<\/li>\n<li>Maria Merc\u00e8 Rojals Asensio, vocal<\/li>\n<\/ul>\n<p>A m\u00e9s dels esmentats membres de la junta directiva, l&#8217;associaci\u00f3 consta de m\u00e9s de 50 associats, tots relacionats d&#8217;una manera o altra amb el m\u00f3n del teatre amateur.<\/td>\n<\/tr>\n<tr style=\"height: 21px;\">\n<td style=\"width: 50%; height: 21px;\" colspan=\"2\"><strong>Cat\u00e0leg teatral<\/strong><\/td>\n<\/tr>\n<tr style=\"height: 21px;\">\n<td style=\"width: 50%; height: 21px;\" colspan=\"2\">\n<ul>\n<li>Camille Claudel (2018)<\/li>\n<li>La maternitat d&#8217;Elna (2018)<\/li>\n<\/ul>\n<\/td>\n<\/tr>\n<\/tbody>\n<\/table>\n","protected":false},"excerpt":{"rendered":"<p>Contacte Maria Cristina Brunet Alc\u00e1zar C\/ Ca&#8217;n Neula, 0 07540 Son Carri\u00f3 Tel\u00e8fon: 971847353 E-mail: lavila.accioteatral@gmail.com Facebook La Vila Associaci\u00f3 Cultural sorgeix a partir de la creaci\u00f3 d&#8217;una agrupaci\u00f3 teatral amateur amb ganes de fer projectes i de la necessitat de donar cabuda a altres persones que volgu\u00e9ssin acostar-se a les arts esc\u00e8niques fora del [&hellip;]<\/p>\n","protected":false},"author":4,"featured_media":0,"parent":0,"menu_order":0,"comment_status":"closed","ping_status":"closed","template":"","meta":[],"_links":{"self":[{"href":"http:\/\/gestteatre.org\/index.php\/wp-json\/wp\/v2\/pages\/1845"}],"collection":[{"href":"http:\/\/gestteatre.org\/index.php\/wp-json\/wp\/v2\/pages"}],"about":[{"href":"http:\/\/gestteatre.org\/index.php\/wp-json\/wp\/v2\/types\/page"}],"author":[{"embeddable":true,"href":"http:\/\/gestteatre.org\/index.php\/wp-json\/wp\/v2\/users\/4"}],"replies":[{"embeddable":true,"href":"http:\/\/gestteatre.org\/index.php\/wp-json\/wp\/v2\/comments?post=1845"}],"version-history":[{"count":1,"href":"http:\/\/gestteatre.org\/index.php\/wp-json\/wp\/v2\/pages\/1845\/revisions"}],"predecessor-version":[{"id":1847,"href":"http:\/\/gestteatre.org\/index.php\/wp-json\/wp\/v2\/pages\/1845\/revisions\/1847"}],"wp:attachment":[{"href":"http:\/\/gestteatre.org\/index.php\/wp-json\/wp\/v2\/media?parent=1845"}],"curies":[{"name":"wp","href":"https:\/\/api.w.org\/{rel}","templated":true}]}}