{"id":1820,"date":"2020-12-02T19:49:56","date_gmt":"2020-12-02T18:49:56","guid":{"rendered":"http:\/\/gestteatre.org\/?page_id=1820"},"modified":"2021-02-27T23:03:26","modified_gmt":"2021-02-27T22:03:26","slug":"3-dones-3-vides","status":"publish","type":"page","link":"http:\/\/gestteatre.org\/index.php\/teatreros\/3-dones-3-vides\/","title":{"rendered":"3 dones 3 vides"},"content":{"rendered":"<table style=\"border-collapse: collapse; width: 100%; height: 84px;\" border=\"1\">\n<tbody>\n<tr style=\"height: 21px;\">\n<td style=\"width: 50%; height: 21px;\"><strong>Fitxa t\u00e8cnica<\/strong><\/td>\n<td style=\"width: 50%; height: 84px;\" rowspan=\"4\"><img loading=\"lazy\" class=\"alignnone size-full wp-image-1821\" src=\"http:\/\/gestteatre.org\/wp-content\/uploads\/2020\/12\/CARTELL-3-DONES-NOVEMBRE-2019-Xesca.palougmail.com-Palou-Fernandez_page-0001.jpg\" alt=\"\" width=\"1275\" height=\"1650\" srcset=\"http:\/\/gestteatre.org\/wp-content\/uploads\/2020\/12\/CARTELL-3-DONES-NOVEMBRE-2019-Xesca.palougmail.com-Palou-Fernandez_page-0001.jpg 1275w, http:\/\/gestteatre.org\/wp-content\/uploads\/2020\/12\/CARTELL-3-DONES-NOVEMBRE-2019-Xesca.palougmail.com-Palou-Fernandez_page-0001-232x300.jpg 232w, http:\/\/gestteatre.org\/wp-content\/uploads\/2020\/12\/CARTELL-3-DONES-NOVEMBRE-2019-Xesca.palougmail.com-Palou-Fernandez_page-0001-791x1024.jpg 791w, http:\/\/gestteatre.org\/wp-content\/uploads\/2020\/12\/CARTELL-3-DONES-NOVEMBRE-2019-Xesca.palougmail.com-Palou-Fernandez_page-0001-768x994.jpg 768w, http:\/\/gestteatre.org\/wp-content\/uploads\/2020\/12\/CARTELL-3-DONES-NOVEMBRE-2019-Xesca.palougmail.com-Palou-Fernandez_page-0001-1187x1536.jpg 1187w\" sizes=\"(max-width: 1275px) 100vw, 1275px\" \/><\/td>\n<\/tr>\n<tr style=\"height: 21px;\">\n<td style=\"width: 50%; height: 21px; text-align: justify;\"><em>Companyia<\/em>: Associaci\u00f3 d&#8217;Amants del Teatre. TeatrEROS<br \/>\n<em>G\u00e9nere<\/em>: Mon\u00f2legs<br \/>\n<em>Autor<\/em>: Francesca Palou Fern\u00e1ndez<br \/>\n<em>Direcci\u00f3<\/em>: Francesca Palou<br \/>\n<em>Repartiment<\/em>:Adela Mira<br \/>\nAnt\u00f2nia Comas<br \/>\nFrancesca Palou<\/p>\n<p><em>Durada aproximada<\/em>: 50 mins.<br \/>\n<em>Data d&#8217;estrena<\/em>: 25 de novembre 2017<br \/>\n<em>Lloc d&#8217;estrena<\/em>: Auditori d&#8217;Alc\u00fadia<br \/>\n<em>Altres representacions<\/em>:<\/p>\n<p>25 novembre 2017 &#8211; Club Pollen\u00e7a<br \/>\n16 desembre 2017 &#8211; Casal de Cultura d\u2019Inca<br \/>\n9 mar\u00e7 2018 &#8211; Ciutad\u00e0 Il\u2022legal, P\u00f2rtol (Marratx\u00ed)<br \/>\n17 de mar\u00e7, 2018 &#8211; Casa de Cultura, Campanet<br \/>\n17 de novembre 2018 &#8211; Centre c\u00edvic de Can Picafort<br \/>\n16 novembre 2019 &#8211; Mostra de Teatre de Consell, Cas Txeco<br \/>\n17 novembre 2019 &#8211; Mostra de Teatre de Son Espanyolet<br \/>\n29 novembre 2019 &#8211; Auditori de Santa Margalida<br \/>\n8 mar\u00e7 2020 &#8211; Teatre de B\u00fager<\/td>\n<\/tr>\n<tr style=\"height: 21px;\">\n<td style=\"width: 50%; height: 21px;\"><strong>Sinopsi<\/strong><\/td>\n<\/tr>\n<tr style=\"height: 21px;\">\n<td style=\"width: 50%; height: 21px; text-align: justify;\">Tres mon\u00f2legs de tres dones, de diferents \u00e8poques parlen de les seves vides els seus desigs, les seves lluites, els seus motius, les seves emocions, els seu poder, el seu atreviment, el seu dolor, les seves pors&#8230; Donar veu a les dones que han patit assetjament o judici social pel fet de ser dones.<\/td>\n<\/tr>\n<\/tbody>\n<\/table>\n<p><a href=\"http:\/\/gestteatre.org\/wp-content\/uploads\/2020\/12\/DOSSIER-3-DONES-tres-vides-Xesca.palou@gmail.com-Palou-Fernandez.pdf\">DOSSIER 3 DONES tres vides &#8211; Xesca.palou@gmail.com Palou Fernandez<\/a><\/p>\n","protected":false},"excerpt":{"rendered":"<p>Fitxa t\u00e8cnica Companyia: Associaci\u00f3 d&#8217;Amants del Teatre. TeatrEROS G\u00e9nere: Mon\u00f2legs Autor: Francesca Palou Fern\u00e1ndez Direcci\u00f3: Francesca Palou Repartiment:Adela Mira Ant\u00f2nia Comas Francesca Palou Durada aproximada: 50 mins. Data d&#8217;estrena: 25 de novembre 2017 Lloc d&#8217;estrena: Auditori d&#8217;Alc\u00fadia Altres representacions: 25 novembre 2017 &#8211; Club Pollen\u00e7a 16 desembre 2017 &#8211; Casal de Cultura d\u2019Inca 9 mar\u00e7 [&hellip;]<\/p>\n","protected":false},"author":4,"featured_media":0,"parent":1811,"menu_order":0,"comment_status":"closed","ping_status":"closed","template":"","meta":[],"_links":{"self":[{"href":"http:\/\/gestteatre.org\/index.php\/wp-json\/wp\/v2\/pages\/1820"}],"collection":[{"href":"http:\/\/gestteatre.org\/index.php\/wp-json\/wp\/v2\/pages"}],"about":[{"href":"http:\/\/gestteatre.org\/index.php\/wp-json\/wp\/v2\/types\/page"}],"author":[{"embeddable":true,"href":"http:\/\/gestteatre.org\/index.php\/wp-json\/wp\/v2\/users\/4"}],"replies":[{"embeddable":true,"href":"http:\/\/gestteatre.org\/index.php\/wp-json\/wp\/v2\/comments?post=1820"}],"version-history":[{"count":5,"href":"http:\/\/gestteatre.org\/index.php\/wp-json\/wp\/v2\/pages\/1820\/revisions"}],"predecessor-version":[{"id":1924,"href":"http:\/\/gestteatre.org\/index.php\/wp-json\/wp\/v2\/pages\/1820\/revisions\/1924"}],"up":[{"embeddable":true,"href":"http:\/\/gestteatre.org\/index.php\/wp-json\/wp\/v2\/pages\/1811"}],"wp:attachment":[{"href":"http:\/\/gestteatre.org\/index.php\/wp-json\/wp\/v2\/media?parent=1820"}],"curies":[{"name":"wp","href":"https:\/\/api.w.org\/{rel}","templated":true}]}}