{"id":1807,"date":"2020-12-02T19:18:36","date_gmt":"2020-12-02T18:18:36","guid":{"rendered":"http:\/\/gestteatre.org\/?page_id=1807"},"modified":"2020-12-02T20:02:18","modified_gmt":"2020-12-02T19:02:18","slug":"mals-papers","status":"publish","type":"page","link":"http:\/\/gestteatre.org\/index.php\/mals-papers\/","title":{"rendered":"MALS PAPERS"},"content":{"rendered":"<table style=\"border-collapse: collapse; width: 100%; height: 241px;\" border=\"1\">\n<tbody>\n<tr style=\"height: 21px;\">\n<td style=\"width: 50%; height: 21px;\"><strong>Contacte<\/strong><\/td>\n<td style=\"width: 50%; height: 21px;\"><\/td>\n<\/tr>\n<tr style=\"height: 115px;\">\n<td style=\"width: 50%; height: 115px;\">Neus Nadal<\/p>\n<p>Carrer\u00f3 de la Vileta, n\u00famero 2.<br \/>\nEsporles, 07190<\/p>\n<p>Tel\u00e8fon: 678443093<\/p>\n<p>E-mail: malspapers14@gmail.com<\/p>\n<p><a href=\"https:\/\/malspapers.webnode.es\/\">Web<\/a><\/p>\n<p>Facebook<\/p>\n<p>Instagram<\/td>\n<td style=\"width: 50%; height: 115px;\"><img loading=\"lazy\" class=\"alignnone size-full wp-image-1808\" src=\"http:\/\/gestteatre.org\/wp-content\/uploads\/2020\/12\/FB_IMG_1606855706053-Neus-Nadal-Pares.jpg\" alt=\"\" width=\"675\" height=\"450\" srcset=\"http:\/\/gestteatre.org\/wp-content\/uploads\/2020\/12\/FB_IMG_1606855706053-Neus-Nadal-Pares.jpg 675w, http:\/\/gestteatre.org\/wp-content\/uploads\/2020\/12\/FB_IMG_1606855706053-Neus-Nadal-Pares-300x200.jpg 300w\" sizes=\"(max-width: 675px) 100vw, 675px\" \/><\/td>\n<\/tr>\n<tr style=\"height: 21px;\">\n<td style=\"width: 50%; height: 21px; text-align: justify;\" colspan=\"2\">Mals Papers \u00e9s una companyia de teatre que cerca oferir un teatre de qualitat. El nostre objectiu \u00e9s treballar textos de dramaturgues i dramaturgs de les Illes Balears i, d&#8217;aquesta manera, donar valor i visibilitat al teatre fet a casa. Estam plenament convin\u00e7uts de que el teatre aficionat t\u00e9 molta import\u00e0ncia en l&#8217;\u00e0mbit cultural i apostam per oferir al p\u00fablic obres cr\u00edtiques, actuals i amb transfons social.<\/td>\n<\/tr>\n<tr style=\"height: 21px;\">\n<td style=\"width: 50%; height: 21px;\" colspan=\"2\"><strong>Integrants<\/strong><\/td>\n<\/tr>\n<tr style=\"height: 21px;\">\n<td style=\"width: 50%; height: 21px;\" colspan=\"2\">\n<ul>\n<li>Isabel Gual, presidenta.<\/li>\n<li>Miquel Guerrero, vicepresident.<\/li>\n<li>Neus Nadal, secret\u00e0ria.<\/li>\n<li>Jaume Terrassa, tresorer.<\/li>\n<li>Aina Bosc, vocal.<\/li>\n<li>Rafel Riutort, vocal.<\/li>\n<li>Margalida Mart\u00ed, vocal.<\/li>\n<\/ul>\n<\/td>\n<\/tr>\n<tr style=\"height: 21px;\">\n<td style=\"width: 50%; height: 21px;\" colspan=\"2\"><strong>Cat\u00e0leg teatral<\/strong><\/td>\n<\/tr>\n<tr style=\"height: 21px;\">\n<td style=\"width: 50%; height: 21px;\" colspan=\"2\">\n<ul>\n<li><a href=\"http:\/\/gestteatre.org\/index.php\/mals-papers\/roja\/ \u200e\">Roja<\/a>, 2018 (en actiu).<\/li>\n<li>Capaltard, 2019.<\/li>\n<li>Avall frares!, 2016.<\/li>\n<li>400 pessetes, 2015.<\/li>\n<li>Somni de Rondalla, 2014.<\/li>\n<\/ul>\n<\/td>\n<\/tr>\n<\/tbody>\n<\/table>\n","protected":false},"excerpt":{"rendered":"<p>Contacte Neus Nadal Carrer\u00f3 de la Vileta, n\u00famero 2. Esporles, 07190 Tel\u00e8fon: 678443093 E-mail: malspapers14@gmail.com Web Facebook Instagram Mals Papers \u00e9s una companyia de teatre que cerca oferir un teatre de qualitat. El nostre objectiu \u00e9s treballar textos de dramaturgues i dramaturgs de les Illes Balears i, d&#8217;aquesta manera, donar valor i visibilitat al teatre [&hellip;]<\/p>\n","protected":false},"author":4,"featured_media":0,"parent":0,"menu_order":0,"comment_status":"closed","ping_status":"closed","template":"","meta":[],"_links":{"self":[{"href":"http:\/\/gestteatre.org\/index.php\/wp-json\/wp\/v2\/pages\/1807"}],"collection":[{"href":"http:\/\/gestteatre.org\/index.php\/wp-json\/wp\/v2\/pages"}],"about":[{"href":"http:\/\/gestteatre.org\/index.php\/wp-json\/wp\/v2\/types\/page"}],"author":[{"embeddable":true,"href":"http:\/\/gestteatre.org\/index.php\/wp-json\/wp\/v2\/users\/4"}],"replies":[{"embeddable":true,"href":"http:\/\/gestteatre.org\/index.php\/wp-json\/wp\/v2\/comments?post=1807"}],"version-history":[{"count":2,"href":"http:\/\/gestteatre.org\/index.php\/wp-json\/wp\/v2\/pages\/1807\/revisions"}],"predecessor-version":[{"id":1826,"href":"http:\/\/gestteatre.org\/index.php\/wp-json\/wp\/v2\/pages\/1807\/revisions\/1826"}],"wp:attachment":[{"href":"http:\/\/gestteatre.org\/index.php\/wp-json\/wp\/v2\/media?parent=1807"}],"curies":[{"name":"wp","href":"https:\/\/api.w.org\/{rel}","templated":true}]}}