{"id":1800,"date":"2020-11-30T14:28:46","date_gmt":"2020-11-30T13:28:46","guid":{"rendered":"http:\/\/gestteatre.org\/?page_id=1800"},"modified":"2024-04-29T10:40:26","modified_gmt":"2024-04-29T09:40:26","slug":"mai-som-tots-teatre","status":"publish","type":"page","link":"http:\/\/gestteatre.org\/index.php\/mai-som-tots-teatre\/","title":{"rendered":"MAI SOM TOTS TEATRE"},"content":{"rendered":"<table style=\"border-collapse: collapse; width: 100%; height: 241px;\" border=\"1\">\n<tbody>\n<tr style=\"height: 21px;\">\n<td style=\"width: 50%; height: 21px;\"><strong>Contacte<\/strong><\/td>\n<td style=\"width: 50%; height: 21px;\"><\/td>\n<\/tr>\n<tr style=\"height: 115px;\">\n<td style=\"width: 50%; height: 115px;\">Marc Rigo Manresa<\/p>\n<p>C\/ Llebeig, 40<br \/>\nCP 07200 Felanitx Illes Balears<\/p>\n<p>E-mail: info@maisomtotsteatre.com<\/p>\n<p>Web: <a href=\"http:\/\/www.maisomtotsteatre.com\">www.maisomtotsteatre.com<\/a><\/p>\n<p><a href=\"http:\/\/www.facebook.com\/maisomtotsteatre\">Facebook<\/a><br \/>\n<a href=\"http:\/\/www.instagram.com\/maisomtotsteatre\/\">Instagram<\/a><\/td>\n<td style=\"width: 50%; height: 115px;\"><img loading=\"lazy\" class=\"alignnone size-full wp-image-1801\" src=\"http:\/\/gestteatre.org\/wp-content\/uploads\/2020\/11\/maisomtots.png\" alt=\"\" width=\"527\" height=\"397\" srcset=\"http:\/\/gestteatre.org\/wp-content\/uploads\/2020\/11\/maisomtots.png 527w, http:\/\/gestteatre.org\/wp-content\/uploads\/2020\/11\/maisomtots-300x226.png 300w\" sizes=\"(max-width: 527px) 100vw, 527px\" \/><\/td>\n<\/tr>\n<tr style=\"height: 21px;\">\n<td style=\"width: 100%; height: 21px; text-align: justify;\" colspan=\"2\">INTRODUCCI\u00d3<\/p>\n<p>MAI SOM TOTS TEATRE neix l\u2019any 2002 de la curolla de dos amics felanitxers que compartien d\u00e8ria pel teatre, i que ja havien coincidit l\u2019any 1998 damunt l\u2019escenari en una obra produ\u00efda per l\u2019extingit grup felanitxer Gent de Bulla.<\/p>\n<p>HIST\u00d2RIA<\/p>\n<p>Amb la seva primera producci\u00f3 es va comptar amb la col\u2022laboraci\u00f3 del director de la companyia no professional ciutadana \u201cNostra Terra\u201d, Josep Llu\u00eds Fern\u00e0ndez, qui es va implicar seriosament amb el grup.<\/p>\n<p>Des d\u2019aleshores aconseguiren estrenar una nova producci\u00f3 cada any, i l\u2019any 2009 inicien la col\u2022laboraci\u00f3 amb Joan Porcel, que assumiria la direcci\u00f3 art\u00edstica d\u2019un bon grapat de produccions. Porcel, procedent de la companyia andritxola Voramar, i amb una dilatada experi\u00e8ncia en el mon teatral, va aconseguir que MAI SOM TOTS TEATRE, amb l\u2019estrena de \u201cPol\u00edticament Incorrecte\u201d fes un gran salt qualitatiu respecte de les seves anteriors produccions.<\/p>\n<p>A partir de 2014 van comen\u00e7ar a combinar la representaci\u00f3 d\u2019obres diguem-ne \u201cde gran format\u201d amb peces de microteatre. Tamb\u00e9 la Companyia s\u2019implica en la vida social i cultural del municipi de Felanitx amb col\u2022laboracions amb la gala del 50\u00e8 aniversari de l\u2019agrupaci\u00f3 de ball de bot s\u2019Estol des Gerric\u00f3, amb la presentaci\u00f3 de la triatl\u00f3 popular de Portocolom, o amb la representaci\u00f3 del Pas Viu de les processons de Setmana Santa.<\/p>\n<p>OBJECTIU<\/p>\n<p>Mai som tots Teatre ja des dels seus inicis ha tengut clar quina era la seva filosofia a l\u2019hora de seleccionar les obres a representar i preparar els muntatges. Un dels criteris principals \u00e9s el de descartar la representaci\u00f3 d\u2019obres de teatre regional, un g\u00e8nere que durant molt de temps ha estat molt recurrent dins el teatre aficionat a Mallorca.<\/p>\n<p>Des de la seva creaci\u00f3, MAI SOM TOTS TEATRE principalment ha dirigit la seva activitat cap al g\u00e8nere de la com\u00e8dia, at\u00e8s que \u00e9s el que el p\u00fablic espera d\u2019ells. Per\u00f2 des de la irrupci\u00f3 del format de microteatre, han tocat tota classe de g\u00e8neres (drama, terror, surrealisme, etc.).<\/p>\n<p>Malgrat la vocaci\u00f3 amateur de la Companyia, el seu objectiu \u00e9s aconseguir interpretacions dignes i de qualitat, amb muntatges ben treballats, tenint cura dels detalls i d\u2019una adequada posada en escena.<\/td>\n<\/tr>\n<tr style=\"height: 21px;\">\n<td style=\"width: 100%; height: 21px;\" colspan=\"2\"><strong>Integrants<\/strong><\/td>\n<\/tr>\n<tr style=\"height: 21px;\">\n<td style=\"width: 100%; height: 21px;\" colspan=\"2\">\n<ul>\n<li>Rafel Amengual, actor, TIC<\/li>\n<li>Bernat Bordoy, actor<\/li>\n<li>Lloren\u00e7 C\u00e0naves, actor, TIC<\/li>\n<li>M\u00aa Ant\u00f2nia Henales, regidora<\/li>\n<li>Margalida Puig, actriu<\/li>\n<li>Ant\u00f2nia Oliver, actriu<\/li>\n<li>Joana M\u00aa Oliver, actriu<\/li>\n<li>Salvador Oliver, actor<\/li>\n<li>Marc Rigo, actor<\/li>\n<li>Paco S\u00e1nchez, estilisme, perruqueria, actor<\/li>\n<li>Pere Soler, actor<\/li>\n<li>Joan Miquel Sunyer, t\u00e8cnic de so i llum, actor<\/li>\n<\/ul>\n<\/td>\n<\/tr>\n<tr style=\"height: 21px;\">\n<td style=\"width: 100%; height: 21px;\" colspan=\"2\"><strong>Cat\u00e0leg teatral<\/strong><\/td>\n<\/tr>\n<tr style=\"height: 21px;\">\n<td style=\"width: 100%; height: 21px;\" colspan=\"2\">\n<ul>\n<li>2023: El Nom, de Alexandre de la patelli\u00e8re &amp; Mathieu delaporte<\/li>\n<li>2021: Art, de Yasmina Reza<\/li>\n<li>2018: Burundanga, de Jordi Galceran.<\/li>\n<li>2017: El Cr\u00e8dit, de Jordi Galceran.<\/li>\n<li>2015: El m\u00e8tode Gr\u00f6nholm, de Jordi Galceran.<\/li>\n<li>2014: Bon app\u00e9tit (creaci\u00f3 pr\u00f2pia).<\/li>\n<li>2013: Insolaci\u00f3 (creaci\u00f3 pr\u00f2pia).<\/li>\n<li>2012: Black comedy, de Peter Shaffer.<\/li>\n<li>2011: Besos, de Carles Alberola<\/li>\n<li>2010: Fuita, de Jordi Galceran<\/li>\n<li>2009: Pol\u00edticament Incorrecte, de Ray Cooney.<\/li>\n<li>2008: Que te creus que te crec, de Ray Cooney.<\/li>\n<li>2007: Unes noces plenes de noses, de Ray Cooney &amp; John Chapman.<\/li>\n<li>2006: Clau per a dos, de John Chapman &amp; Dave Freeman.<\/li>\n<li>2005: Ja hi som tots!, de Joan Manuel Chilet.<\/li>\n<li>2003: Un ciutad\u00e0 a matances (diversos autors felanitxers).<\/li>\n<li>2002: Una casa d\u2019embulls, d\u2019\u00c1lvaro Portes.<\/li>\n<\/ul>\n<p>Queda fora d&#8217;aquest cat\u00e0leg les obres de microteatre representades, que fins a 2020 s\u00f3n prop de 40.<\/td>\n<\/tr>\n<\/tbody>\n<\/table>\n","protected":false},"excerpt":{"rendered":"<p>Contacte Marc Rigo Manresa C\/ Llebeig, 40 CP 07200 Felanitx Illes Balears E-mail: info@maisomtotsteatre.com Web: www.maisomtotsteatre.com Facebook Instagram INTRODUCCI\u00d3 MAI SOM TOTS TEATRE neix l\u2019any 2002 de la curolla de dos amics felanitxers que compartien d\u00e8ria pel teatre, i que ja havien coincidit l\u2019any 1998 damunt l\u2019escenari en una obra produ\u00efda per l\u2019extingit grup felanitxer [&hellip;]<\/p>\n","protected":false},"author":4,"featured_media":0,"parent":0,"menu_order":0,"comment_status":"closed","ping_status":"closed","template":"","meta":[],"_links":{"self":[{"href":"http:\/\/gestteatre.org\/index.php\/wp-json\/wp\/v2\/pages\/1800"}],"collection":[{"href":"http:\/\/gestteatre.org\/index.php\/wp-json\/wp\/v2\/pages"}],"about":[{"href":"http:\/\/gestteatre.org\/index.php\/wp-json\/wp\/v2\/types\/page"}],"author":[{"embeddable":true,"href":"http:\/\/gestteatre.org\/index.php\/wp-json\/wp\/v2\/users\/4"}],"replies":[{"embeddable":true,"href":"http:\/\/gestteatre.org\/index.php\/wp-json\/wp\/v2\/comments?post=1800"}],"version-history":[{"count":3,"href":"http:\/\/gestteatre.org\/index.php\/wp-json\/wp\/v2\/pages\/1800\/revisions"}],"predecessor-version":[{"id":2062,"href":"http:\/\/gestteatre.org\/index.php\/wp-json\/wp\/v2\/pages\/1800\/revisions\/2062"}],"wp:attachment":[{"href":"http:\/\/gestteatre.org\/index.php\/wp-json\/wp\/v2\/media?parent=1800"}],"curies":[{"name":"wp","href":"https:\/\/api.w.org\/{rel}","templated":true}]}}