{"id":1786,"date":"2020-11-28T23:15:40","date_gmt":"2020-11-28T22:15:40","guid":{"rendered":"http:\/\/gestteatre.org\/?page_id=1786"},"modified":"2021-10-07T23:19:38","modified_gmt":"2021-10-07T22:19:38","slug":"xamo-xamo","status":"publish","type":"page","link":"http:\/\/gestteatre.org\/index.php\/xamo-xamo\/","title":{"rendered":"XAMO XAMO"},"content":{"rendered":"<table style=\"border-collapse: collapse; width: 100%; height: 241px;\" border=\"1\">\n<tbody>\n<tr style=\"height: 21px;\">\n<td style=\"width: 50%; height: 21px;\"><strong>Contacte<\/strong><\/td>\n<td style=\"width: 50%; height: 21px;\"><\/td>\n<\/tr>\n<tr style=\"height: 115px;\">\n<td style=\"width: 50%; height: 115px;\">Miquel Angel Moy\u00e0<\/p>\n<p>Tel\u00e8fon: 675 038433<\/p>\n<p>E-mail: grupxamoxamo@gmail.com &#8211; mikelxamo_xamo@hotmail.com<\/td>\n<td style=\"width: 50%; height: 115px;\"><img loading=\"lazy\" class=\"alignnone size-full wp-image-1787\" src=\"http:\/\/gestteatre.org\/wp-content\/uploads\/2020\/11\/51dd6a6fe1780b592c8c3132d64522f3-Grup-de-Teatre-Xamo-Xamo-Binissalem.jpg\" alt=\"\" width=\"1132\" height=\"1600\" srcset=\"http:\/\/gestteatre.org\/wp-content\/uploads\/2020\/11\/51dd6a6fe1780b592c8c3132d64522f3-Grup-de-Teatre-Xamo-Xamo-Binissalem.jpg 1132w, http:\/\/gestteatre.org\/wp-content\/uploads\/2020\/11\/51dd6a6fe1780b592c8c3132d64522f3-Grup-de-Teatre-Xamo-Xamo-Binissalem-212x300.jpg 212w, http:\/\/gestteatre.org\/wp-content\/uploads\/2020\/11\/51dd6a6fe1780b592c8c3132d64522f3-Grup-de-Teatre-Xamo-Xamo-Binissalem-724x1024.jpg 724w, http:\/\/gestteatre.org\/wp-content\/uploads\/2020\/11\/51dd6a6fe1780b592c8c3132d64522f3-Grup-de-Teatre-Xamo-Xamo-Binissalem-768x1086.jpg 768w, http:\/\/gestteatre.org\/wp-content\/uploads\/2020\/11\/51dd6a6fe1780b592c8c3132d64522f3-Grup-de-Teatre-Xamo-Xamo-Binissalem-1087x1536.jpg 1087w\" sizes=\"(max-width: 1132px) 100vw, 1132px\" \/><\/td>\n<\/tr>\n<tr style=\"height: 21px;\">\n<td style=\"width: 100%; height: 21px; text-align: justify;\" colspan=\"2\">El grup Xamo Xamo es va fundar al 1987 i la seva primera obra va ser \u00abCavallet quan eres jove\u00bb i despres van seguir els \u00abEntremesos\u00bb de Llorenc Moy\u00e0. Al 1995 hi va havwr una renovaci\u00f3 de planrilla i hi varen entrar alguns dels que encara son membres en l&#8217;actualitat.<\/p>\n<p>Durant wls anys 90 vam compaginar obres cl\u00e0ssiques de&#8217; Txekhov o en Moliere amb obres de creaci\u00f3 pr\u00f2pia. El 1997 assum\u00ed la direcci\u00f3 de la companyia Miquel Angel Moy\u00e0, qui actualment n&#8217;\u00e9s el president.<\/p>\n<p>EL 2001 van fundar el taller\/escola de teatre, destinat, en principi als infants. Amb el pas dels anys s&#8217;hi han anat afegint alumnes de totes les edats, tant nins, joves i adults fins arribar a ser uns 210 alumnes aproximadament dividits en 12 grups diferents els quals realitzen un muntatge cada curs. Si hi afegim el a aquests el grup oficial sumen uns 13 muntatges diferents cada any desde fa set anys<\/td>\n<\/tr>\n<tr style=\"height: 21px;\">\n<td style=\"width: 100%; height: 21px;\" colspan=\"2\"><strong>Integrants<\/strong><\/td>\n<\/tr>\n<tr style=\"height: 21px;\">\n<td style=\"width: 100%; height: 21px;\" colspan=\"2\">\n<ul>\n<li>Maria Llu\u00efsa Pol, actriu<\/li>\n<li>Toni Pons, actor i escen\u00f2graf<\/li>\n<li>Maria del Pilar Quetglas, actriu<\/li>\n<li>Toni Alemany, actor<\/li>\n<li>Toni Sacares, actor<\/li>\n<li>Alejandro Torres, actor<\/li>\n<li>Maria Isabel Martinez, actriu<\/li>\n<li>Eva Cardona, actriu<\/li>\n<li>Maria Aguayo, actriu<\/li>\n<li>Vict\u00f2ria Malondra, actriu<\/li>\n<li>Miquel Angel Moy\u00e0, actor, autor, director, etc<\/li>\n<\/ul>\n<\/td>\n<\/tr>\n<tr style=\"height: 21px;\">\n<td style=\"width: 100%; height: 21px;\" colspan=\"2\"><strong>Cat\u00e0leg teatral<\/strong><\/td>\n<\/tr>\n<tr style=\"height: 21px;\">\n<td style=\"width: 100%; height: 21px;\" colspan=\"2\">\n<ul>\n<li>Massa paci\u00e8ncia 2020<\/li>\n<li>Parts i quarts 2020<\/li>\n<li>La sucursal 2019<\/li>\n<li>Punt d&#8217;inflexi\u00f3 2019<\/li>\n<li>Millenials 2019<\/li>\n<li>La botiga 2019<\/li>\n<li>Women in black 2019<\/li>\n<li>Ull de bou 2018<\/li>\n<li>Eternes 2019<\/li>\n<li>Press 2018<\/li>\n<li>Retalls d amor 2018<\/li>\n<li>Gent t\u00f2xica 2018<\/li>\n<li>Arr\u00f2s 2018<\/li>\n<li>Black friday 2017<\/li>\n<li>7 2017<\/li>\n<li>Pop fiction 2017<\/li>\n<li>Grasses saturades 2017<\/li>\n<li>Xxx 2017<\/li>\n<li>Overbooking 2016<\/li>\n<li>Hostal Goldoni 2016<\/li>\n<li>Super Xamo bros 2016<\/li>\n<li>50 grells a l ombra 2015<\/li>\n<li>La viuda astuta 2015<\/li>\n<li>La torre de Babel 2015<\/li>\n<li>No sin mi ouija 2015<\/li>\n<li>Les divains 2 2015<\/li>\n<\/ul>\n<\/td>\n<\/tr>\n<\/tbody>\n<\/table>\n","protected":false},"excerpt":{"rendered":"<p>Contacte Miquel Angel Moy\u00e0 Tel\u00e8fon: 675 038433 E-mail: grupxamoxamo@gmail.com &#8211; mikelxamo_xamo@hotmail.com El grup Xamo Xamo es va fundar al 1987 i la seva primera obra va ser \u00abCavallet quan eres jove\u00bb i despres van seguir els \u00abEntremesos\u00bb de Llorenc Moy\u00e0. Al 1995 hi va havwr una renovaci\u00f3 de planrilla i hi varen entrar alguns dels [&hellip;]<\/p>\n","protected":false},"author":4,"featured_media":0,"parent":0,"menu_order":0,"comment_status":"closed","ping_status":"closed","template":"","meta":[],"_links":{"self":[{"href":"http:\/\/gestteatre.org\/index.php\/wp-json\/wp\/v2\/pages\/1786"}],"collection":[{"href":"http:\/\/gestteatre.org\/index.php\/wp-json\/wp\/v2\/pages"}],"about":[{"href":"http:\/\/gestteatre.org\/index.php\/wp-json\/wp\/v2\/types\/page"}],"author":[{"embeddable":true,"href":"http:\/\/gestteatre.org\/index.php\/wp-json\/wp\/v2\/users\/4"}],"replies":[{"embeddable":true,"href":"http:\/\/gestteatre.org\/index.php\/wp-json\/wp\/v2\/comments?post=1786"}],"version-history":[{"count":2,"href":"http:\/\/gestteatre.org\/index.php\/wp-json\/wp\/v2\/pages\/1786\/revisions"}],"predecessor-version":[{"id":1975,"href":"http:\/\/gestteatre.org\/index.php\/wp-json\/wp\/v2\/pages\/1786\/revisions\/1975"}],"wp:attachment":[{"href":"http:\/\/gestteatre.org\/index.php\/wp-json\/wp\/v2\/media?parent=1786"}],"curies":[{"name":"wp","href":"https:\/\/api.w.org\/{rel}","templated":true}]}}