{"id":1778,"date":"2020-11-23T13:45:02","date_gmt":"2020-11-23T12:45:02","guid":{"rendered":"http:\/\/gestteatre.org\/?page_id=1778"},"modified":"2020-11-23T13:45:02","modified_gmt":"2020-11-23T12:45:02","slug":"lacom-unitat","status":"publish","type":"page","link":"http:\/\/gestteatre.org\/index.php\/lacom-unitat\/","title":{"rendered":"LACOM.UNITAT"},"content":{"rendered":"<table style=\"border-collapse: collapse; width: 100%; height: 241px;\" border=\"1\">\n<tbody>\n<tr style=\"height: 21px;\">\n<td style=\"width: 50%; height: 21px;\"><strong>Contacte<\/strong><\/td>\n<td style=\"width: 50%; height: 21px;\"><\/td>\n<\/tr>\n<tr style=\"height: 115px;\">\n<td style=\"width: 50%; height: 115px;\">Josep M. Moreno Serra<\/p>\n<p>C\/Gabriel Alzamora 50, esc 3, 2-A2<\/p>\n<p>Tel\u00e8fon: 686094890<\/p>\n<p>E-mail: lacom.unitat@hotmail.com<\/td>\n<td style=\"width: 50%; height: 115px;\"><img loading=\"lazy\" class=\"size-full wp-image-1779 aligncenter\" src=\"http:\/\/gestteatre.org\/wp-content\/uploads\/2020\/11\/Logo-Lacom.unitaT-Josep-M-Moreno-Serra.png\" alt=\"\" width=\"330\" height=\"151\" srcset=\"http:\/\/gestteatre.org\/wp-content\/uploads\/2020\/11\/Logo-Lacom.unitaT-Josep-M-Moreno-Serra.png 330w, http:\/\/gestteatre.org\/wp-content\/uploads\/2020\/11\/Logo-Lacom.unitaT-Josep-M-Moreno-Serra-300x137.png 300w\" sizes=\"(max-width: 330px) 100vw, 330px\" \/><\/td>\n<\/tr>\n<tr style=\"height: 21px;\">\n<td style=\"width: 50%; height: 21px; text-align: justify;\" colspan=\"2\">Lacom.unitaT \u00e9s una companyia de teatre que va n\u00e9ixer de l\u2019inter\u00e8s com\u00fa d\u2019un grup de persones aficionades al teatre, les quals varen compartir tres cursos de formaci\u00f3 a l\u2019Escola d\u2019Arts Esc\u00e8niques del Teatre Sans del 2004 al 2007. La companyia ha anat renovant-se en tots els sentits d\u2019aleshores en\u00e7\u00e0, guanyant en exig\u00e8ncia art\u00edstica i projecci\u00f3 teatral: els seus membres realitzen cursos diversos de formaci\u00f3 teatral; Lacom.unitaT ha estat distingida amb premis en cert\u00e0mens; etc.<br \/>\nLacom.unitaT va ser membre de la FBTA i actualment \u00e9s membre de GEST (Plataforma Balears de Teatre Amateur).<br \/>\nUna de les principals motivacions del grup \u00e9s poder dur a terme una tasca que li permeti interrelacionar els diferents llenguatges expressius a trav\u00e9s de la representaci\u00f3 de muntatges teatrals, treballant amb rigor, i fomentant l\u2019\u00fas de la nostra llengua i el gust i l\u2019afici\u00f3 pel teatre.<br \/>\nEls membres de Lacom.unitaT s\u00f3n en el seu gruix persones vinculades al m\u00f3n de l\u2019educaci\u00f3, la sanitat, el comer\u00e7 i el medi ambient.<\/td>\n<\/tr>\n<tr style=\"height: 21px;\">\n<td style=\"width: 50%; height: 21px;\" colspan=\"2\"><strong>Integrants<\/strong><\/td>\n<\/tr>\n<tr style=\"height: 21px;\">\n<td style=\"width: 50%; height: 21px;\" colspan=\"2\">\n<ul>\n<li>Pere Bergas actor (vicepresident)<\/li>\n<li>Cati Garrig\u00f3 actriu (vocal)<\/li>\n<li>Aina Herrera actriu (tresorera)<\/li>\n<li>Hanna Matussek actor (vocal)<\/li>\n<li>Josep M Moreno actor (president)<\/li>\n<li>Llucia Moreno actriu (secret\u00e0ria)<\/li>\n<li>Miquel Negre actor (vocal)<\/li>\n<\/ul>\n<\/td>\n<\/tr>\n<tr style=\"height: 21px;\">\n<td style=\"width: 50%; height: 21px;\" colspan=\"2\"><strong>Cat\u00e0leg teatral<\/strong><\/td>\n<\/tr>\n<tr style=\"height: 21px;\">\n<td style=\"width: 50%; height: 21px;\" colspan=\"2\">\n<ul>\n<li>La Pensi\u00f3 (2018), sota la direcci\u00f3 d\u2019Aina Cort\u00e8s.<\/li>\n<li>Lady M (2016), sota la direcci\u00f3 d\u2019Aina Cort\u00e8s.<\/li>\n<li>Zona de lliure tr\u00e0nsit (2012), sota la direcci\u00f3 d\u2019Aina Cort\u00e8s.<\/li>\n<li>La import\u00e0ncia de ser Frank (2011), sota la direcci\u00f3 d\u2019Aina Cort\u00e8s.<\/li>\n<li>Pigmali\u00f3 (2010), sota la direcci\u00f3 d\u2019Aina Cort\u00e8s.<\/li>\n<li>Aurora de Gollada (2009), sota la direcci\u00f3 d\u2019Aina Cort\u00e8s.<\/li>\n<li>Tafalitats (2008), amb direcci\u00f3 de Pau Cirer.<\/li>\n<li>Criatures (2007), amb direcci\u00f3 de Joan-Pere Zuazaga.<\/li>\n<li>Ni amb tu ni sense tu, a partir de tallers de SANS (2005, direcci\u00f3 col\u00b7lectiva).<\/li>\n<\/ul>\n<\/td>\n<\/tr>\n<\/tbody>\n<\/table>\n","protected":false},"excerpt":{"rendered":"<p>Contacte Josep M. Moreno Serra C\/Gabriel Alzamora 50, esc 3, 2-A2 Tel\u00e8fon: 686094890 E-mail: lacom.unitat@hotmail.com Lacom.unitaT \u00e9s una companyia de teatre que va n\u00e9ixer de l\u2019inter\u00e8s com\u00fa d\u2019un grup de persones aficionades al teatre, les quals varen compartir tres cursos de formaci\u00f3 a l\u2019Escola d\u2019Arts Esc\u00e8niques del Teatre Sans del 2004 al 2007. La companyia [&hellip;]<\/p>\n","protected":false},"author":4,"featured_media":0,"parent":0,"menu_order":0,"comment_status":"closed","ping_status":"closed","template":"","meta":[],"_links":{"self":[{"href":"http:\/\/gestteatre.org\/index.php\/wp-json\/wp\/v2\/pages\/1778"}],"collection":[{"href":"http:\/\/gestteatre.org\/index.php\/wp-json\/wp\/v2\/pages"}],"about":[{"href":"http:\/\/gestteatre.org\/index.php\/wp-json\/wp\/v2\/types\/page"}],"author":[{"embeddable":true,"href":"http:\/\/gestteatre.org\/index.php\/wp-json\/wp\/v2\/users\/4"}],"replies":[{"embeddable":true,"href":"http:\/\/gestteatre.org\/index.php\/wp-json\/wp\/v2\/comments?post=1778"}],"version-history":[{"count":1,"href":"http:\/\/gestteatre.org\/index.php\/wp-json\/wp\/v2\/pages\/1778\/revisions"}],"predecessor-version":[{"id":1780,"href":"http:\/\/gestteatre.org\/index.php\/wp-json\/wp\/v2\/pages\/1778\/revisions\/1780"}],"wp:attachment":[{"href":"http:\/\/gestteatre.org\/index.php\/wp-json\/wp\/v2\/media?parent=1778"}],"curies":[{"name":"wp","href":"https:\/\/api.w.org\/{rel}","templated":true}]}}