{"id":1767,"date":"2020-11-20T17:19:54","date_gmt":"2020-11-20T16:19:54","guid":{"rendered":"http:\/\/gestteatre.org\/?page_id=1767"},"modified":"2021-02-27T23:05:00","modified_gmt":"2021-02-27T22:05:00","slug":"la-maleta","status":"publish","type":"page","link":"http:\/\/gestteatre.org\/index.php\/uom-teatre\/la-maleta\/","title":{"rendered":"La Maleta"},"content":{"rendered":"<table style=\"border-collapse: collapse; width: 100%; height: 84px;\" border=\"1\">\n<tbody>\n<tr style=\"height: 21px;\">\n<td style=\"width: 50%; height: 21px;\"><strong>Fitxa t\u00e8cnica<\/strong><\/td>\n<td style=\"width: 50%; height: 84px;\" rowspan=\"4\"><img loading=\"lazy\" class=\"alignnone size-full wp-image-1529\" src=\"http:\/\/gestteatre.org\/wp-content\/uploads\/2020\/09\/Burball-UOM-F.jpg\" alt=\"\" width=\"812\" height=\"528\" srcset=\"http:\/\/gestteatre.org\/wp-content\/uploads\/2020\/09\/Burball-UOM-F.jpg 812w, http:\/\/gestteatre.org\/wp-content\/uploads\/2020\/09\/Burball-UOM-F-300x195.jpg 300w, http:\/\/gestteatre.org\/wp-content\/uploads\/2020\/09\/Burball-UOM-F-768x499.jpg 768w\" sizes=\"(max-width: 812px) 100vw, 812px\" \/><\/td>\n<\/tr>\n<tr style=\"height: 21px;\">\n<td style=\"width: 50%; height: 21px; text-align: justify;\"><em>Companyia<\/em>: UOM (un o m\u00e9s) Teatre<br \/>\n<em>G\u00e9nere<\/em>: Mon\u00f2legs<br \/>\n<em>Autor<\/em>: Miquel Mestre Genovard<br \/>\n<em>Direcci\u00f3<\/em>: Baltasar Cort\u00e8s<br \/>\n<em>Repartiment<\/em>:Rafel Cort\u00e8s &#8211; Eleuteri.<br \/>\nLloren\u00e7 Salv\u00e0 &#8211; Colau.<br \/>\n\u00c0ngel Cort\u00e8s &#8211; T\u00f2fol.<br \/>\nMarita Munar &#8211; Susanna.<br \/>\nMaria Montserrat &#8211; Senyora Carmeta<br \/>\nJoana Maria Bestard \/ Joana Morcillo &#8211; C\u00edntia<br \/>\nMargalida Carbonell &#8211; Maria<br \/>\nFrancesca Mas &#8211; Mariantonieta<\/p>\n<p>Equip:<br \/>\nEfectes de so i maquetaci\u00f3 &#8211; Baltasar Cort\u00e9s Jr.<br \/>\nAssessoria musical: Concepci\u00f3 Oliver<\/p>\n<p><em>Duraci\u00f3 aproximada<\/em>: 1h 15min.<br \/>\n<em>Data d&#8217;estrena<\/em>: 2\/10\/2020<br \/>\n<em>Lloc d&#8217;estrena<\/em>: Catalina Valls<br \/>\n<em>Altres representacions<\/em>:<br \/>\n8\/11\/2020 &#8211; Ses Cases des Mestres, Santa Mar\u00eda<\/td>\n<\/tr>\n<tr style=\"height: 21px;\">\n<td style=\"width: 50%; height: 21px;\"><strong>Sinopsi<\/strong><\/td>\n<\/tr>\n<tr style=\"height: 21px;\">\n<td style=\"width: 50%; height: 21px; text-align: justify;\">Una Maleta va passant de m\u00e0 en m\u00e0 a trav\u00e8s de diversos personatges que cerquen la llibertat.<\/td>\n<\/tr>\n<\/tbody>\n<\/table>\n","protected":false},"excerpt":{"rendered":"<p>Fitxa t\u00e8cnica Companyia: UOM (un o m\u00e9s) Teatre G\u00e9nere: Mon\u00f2legs Autor: Miquel Mestre Genovard Direcci\u00f3: Baltasar Cort\u00e8s Repartiment:Rafel Cort\u00e8s &#8211; Eleuteri. Lloren\u00e7 Salv\u00e0 &#8211; Colau. \u00c0ngel Cort\u00e8s &#8211; T\u00f2fol. Marita Munar &#8211; Susanna. Maria Montserrat &#8211; Senyora Carmeta Joana Maria Bestard \/ Joana Morcillo &#8211; C\u00edntia Margalida Carbonell &#8211; Maria Francesca Mas &#8211; Mariantonieta Equip: [&hellip;]<\/p>\n","protected":false},"author":4,"featured_media":0,"parent":1758,"menu_order":0,"comment_status":"closed","ping_status":"closed","template":"","meta":[],"_links":{"self":[{"href":"http:\/\/gestteatre.org\/index.php\/wp-json\/wp\/v2\/pages\/1767"}],"collection":[{"href":"http:\/\/gestteatre.org\/index.php\/wp-json\/wp\/v2\/pages"}],"about":[{"href":"http:\/\/gestteatre.org\/index.php\/wp-json\/wp\/v2\/types\/page"}],"author":[{"embeddable":true,"href":"http:\/\/gestteatre.org\/index.php\/wp-json\/wp\/v2\/users\/4"}],"replies":[{"embeddable":true,"href":"http:\/\/gestteatre.org\/index.php\/wp-json\/wp\/v2\/comments?post=1767"}],"version-history":[{"count":3,"href":"http:\/\/gestteatre.org\/index.php\/wp-json\/wp\/v2\/pages\/1767\/revisions"}],"predecessor-version":[{"id":1926,"href":"http:\/\/gestteatre.org\/index.php\/wp-json\/wp\/v2\/pages\/1767\/revisions\/1926"}],"up":[{"embeddable":true,"href":"http:\/\/gestteatre.org\/index.php\/wp-json\/wp\/v2\/pages\/1758"}],"wp:attachment":[{"href":"http:\/\/gestteatre.org\/index.php\/wp-json\/wp\/v2\/media?parent=1767"}],"curies":[{"name":"wp","href":"https:\/\/api.w.org\/{rel}","templated":true}]}}