{"id":1758,"date":"2020-11-20T15:22:40","date_gmt":"2020-11-20T14:22:40","guid":{"rendered":"http:\/\/gestteatre.org\/?page_id=1758"},"modified":"2020-11-20T17:20:44","modified_gmt":"2020-11-20T16:20:44","slug":"uom-teatre","status":"publish","type":"page","link":"http:\/\/gestteatre.org\/index.php\/uom-teatre\/","title":{"rendered":"UOM (un o m\u00e9s) TEATRE"},"content":{"rendered":"<table style=\"border-collapse: collapse; width: 100%; height: 241px;\" border=\"1\">\n<tbody>\n<tr style=\"height: 21px;\">\n<td style=\"width: 50%; height: 21px;\"><strong>Contacte<\/strong><\/td>\n<td style=\"width: 50%; height: 21px;\"><\/td>\n<\/tr>\n<tr style=\"height: 115px;\">\n<td style=\"width: 50%; height: 115px;\">\u00c0ngel Cort\u00e8s<\/p>\n<p>C\/Josep Cap\u00f3 13c baixos<\/p>\n<p>Tel\u00e8fon: 687075854<\/p>\n<p>E-mail: angelmallorqui@gmail.com<\/td>\n<td style=\"width: 50%; height: 115px;\"><img loading=\"lazy\" class=\"alignnone size-full wp-image-1759\" src=\"http:\/\/gestteatre.org\/wp-content\/uploads\/2020\/11\/WhatsApp-Image-2020-11-20-at-15.04.14.jpeg\" alt=\"\" width=\"2048\" height=\"1536\" srcset=\"http:\/\/gestteatre.org\/wp-content\/uploads\/2020\/11\/WhatsApp-Image-2020-11-20-at-15.04.14.jpeg 2048w, http:\/\/gestteatre.org\/wp-content\/uploads\/2020\/11\/WhatsApp-Image-2020-11-20-at-15.04.14-300x225.jpeg 300w, http:\/\/gestteatre.org\/wp-content\/uploads\/2020\/11\/WhatsApp-Image-2020-11-20-at-15.04.14-1024x768.jpeg 1024w, http:\/\/gestteatre.org\/wp-content\/uploads\/2020\/11\/WhatsApp-Image-2020-11-20-at-15.04.14-768x576.jpeg 768w, http:\/\/gestteatre.org\/wp-content\/uploads\/2020\/11\/WhatsApp-Image-2020-11-20-at-15.04.14-1536x1152.jpeg 1536w\" sizes=\"(max-width: 2048px) 100vw, 2048px\" \/><\/td>\n<\/tr>\n<tr style=\"height: 21px;\">\n<td style=\"width: 100%; height: 21px; text-align: justify;\" colspan=\"2\">El grup est\u00e0 format per ex-alumnes de la UOM de la UIB<\/td>\n<\/tr>\n<tr style=\"height: 21px;\">\n<td style=\"width: 100%; height: 21px;\" colspan=\"2\"><strong>Integrants<\/strong><\/td>\n<\/tr>\n<tr style=\"height: 21px;\">\n<td style=\"width: 100%; height: 21px;\" colspan=\"2\">\n<ul>\n<li>Baltasar Cort\u00e8s, director<\/li>\n<li>Rafel Cort\u00e8s, actor<\/li>\n<li>Lloren\u00e7 Salv\u00e0, actor<\/li>\n<li>\u00c0ngel Cort\u00e8s, actor<\/li>\n<li>Margalida Carbonell, actriu<\/li>\n<li>Marita Munar, actriu<\/li>\n<li>Maria Montserrat, actriu<\/li>\n<li>Francesca Mas, actriu<\/li>\n<li>Baltasar Cort\u00e8s jr. maquetatge.<\/li>\n<\/ul>\n<\/td>\n<\/tr>\n<tr style=\"height: 21px;\">\n<td style=\"width: 100%; height: 21px;\" colspan=\"2\"><strong>Cat\u00e0leg teatral<\/strong><\/td>\n<\/tr>\n<tr style=\"height: 21px;\">\n<td style=\"width: 100%; height: 21px;\" colspan=\"2\">\n<ul>\n<li>Pobres Casats, 2005<\/li>\n<li>L&#8217;inspector, 2008<\/li>\n<li>Tres Txekhov,2011<\/li>\n<li>Tocats des boll,2012<\/li>\n<li>La simbomba fosca,2014<\/li>\n<li>El Caf\u00e8 del Centre,2016<\/li>\n<li>Tres entremesos de Loren\u00e7 Moy\u00e0, 2017<\/li>\n<li>L&#8217;Ad\u00faltera de Par\u00eds,2019<\/li>\n<li><a href=\"http:\/\/gestteatre.org\/index.php\/uom-teatre\/la-maleta\/\">La Maleta<\/a>,2020<\/li>\n<\/ul>\n<\/td>\n<\/tr>\n<\/tbody>\n<\/table>\n","protected":false},"excerpt":{"rendered":"<p>Contacte \u00c0ngel Cort\u00e8s C\/Josep Cap\u00f3 13c baixos Tel\u00e8fon: 687075854 E-mail: angelmallorqui@gmail.com El grup est\u00e0 format per ex-alumnes de la UOM de la UIB Integrants Baltasar Cort\u00e8s, director Rafel Cort\u00e8s, actor Lloren\u00e7 Salv\u00e0, actor \u00c0ngel Cort\u00e8s, actor Margalida Carbonell, actriu Marita Munar, actriu Maria Montserrat, actriu Francesca Mas, actriu Baltasar Cort\u00e8s jr. maquetatge. Cat\u00e0leg teatral Pobres [&hellip;]<\/p>\n","protected":false},"author":4,"featured_media":0,"parent":0,"menu_order":0,"comment_status":"closed","ping_status":"closed","template":"","meta":[],"_links":{"self":[{"href":"http:\/\/gestteatre.org\/index.php\/wp-json\/wp\/v2\/pages\/1758"}],"collection":[{"href":"http:\/\/gestteatre.org\/index.php\/wp-json\/wp\/v2\/pages"}],"about":[{"href":"http:\/\/gestteatre.org\/index.php\/wp-json\/wp\/v2\/types\/page"}],"author":[{"embeddable":true,"href":"http:\/\/gestteatre.org\/index.php\/wp-json\/wp\/v2\/users\/4"}],"replies":[{"embeddable":true,"href":"http:\/\/gestteatre.org\/index.php\/wp-json\/wp\/v2\/comments?post=1758"}],"version-history":[{"count":3,"href":"http:\/\/gestteatre.org\/index.php\/wp-json\/wp\/v2\/pages\/1758\/revisions"}],"predecessor-version":[{"id":1769,"href":"http:\/\/gestteatre.org\/index.php\/wp-json\/wp\/v2\/pages\/1758\/revisions\/1769"}],"wp:attachment":[{"href":"http:\/\/gestteatre.org\/index.php\/wp-json\/wp\/v2\/media?parent=1758"}],"curies":[{"name":"wp","href":"https:\/\/api.w.org\/{rel}","templated":true}]}}