{"id":1750,"date":"2020-11-17T12:21:00","date_gmt":"2020-11-17T11:21:00","guid":{"rendered":"http:\/\/gestteatre.org\/?page_id=1750"},"modified":"2020-11-17T12:21:00","modified_gmt":"2020-11-17T11:21:00","slug":"nostra-terra","status":"publish","type":"page","link":"http:\/\/gestteatre.org\/index.php\/nostra-terra\/","title":{"rendered":"NOSTRA TERRA"},"content":{"rendered":"<table style=\"border-collapse: collapse; width: 100%; height: 241px;\" border=\"1\">\n<tbody>\n<tr style=\"height: 21px;\">\n<td style=\"width: 50%; height: 21px;\"><strong>Contacte<\/strong><\/td>\n<td style=\"width: 50%; height: 21px;\"><\/td>\n<\/tr>\n<tr style=\"height: 115px;\">\n<td style=\"width: 50%; height: 115px;\">Josep Llu\u00eds Fern\u00e1ndez Albert\u00ed<\/p>\n<p>C\/Montpeller, 8<br \/>\n07014 Palma de Mallorca<\/p>\n<p>Tel\u00e8fon: 647348352<\/p>\n<p>Web: http:\/\/www.agitadoras.com\/nostraterra\/indexnostraterra.html<\/p>\n<p>&nbsp;<\/td>\n<td style=\"width: 50%; height: 115px;\"><img loading=\"lazy\" class=\"alignnone size-full wp-image-1751\" src=\"http:\/\/gestteatre.org\/wp-content\/uploads\/2020\/11\/Logo-Joana-Ma-Fernandez-Baltasar.jpg\" alt=\"\" width=\"500\" height=\"400\" srcset=\"http:\/\/gestteatre.org\/wp-content\/uploads\/2020\/11\/Logo-Joana-Ma-Fernandez-Baltasar.jpg 500w, http:\/\/gestteatre.org\/wp-content\/uploads\/2020\/11\/Logo-Joana-Ma-Fernandez-Baltasar-300x240.jpg 300w\" sizes=\"(max-width: 500px) 100vw, 500px\" \/><\/td>\n<\/tr>\n<tr style=\"height: 21px;\">\n<td style=\"width: 50%; height: 21px; text-align: justify;\" colspan=\"2\">El grup de teatre Nostra Terra, va ser fundat al barri de Son Espanyolet ,de Palma de Mallorca, l&#8217;any 1933 ,amb la finalitat de fer representacions teatrals a les festes patronals. Des de la seva fundaci\u00f3 el grup s&#8217;ha mantingut actiu realitzant representacions per les Illes. Alguns dels objectius del grup s\u00f3n: &#8211; Gaudir del teatre a trav\u00e9s de la pr\u00e0ctica teatral. &#8211; Formar-se i aprendre per millorar la interpretaci\u00f3 teatral aix\u00ed com la cohesi\u00f3 de grup. -Realitzar intercanvis teatrals (fora de l&#8217;illa) per aprendre d&#8217;altres grups.<\/td>\n<\/tr>\n<tr style=\"height: 21px;\">\n<td style=\"width: 50%; height: 21px;\" colspan=\"2\"><strong>Integrants<\/strong><\/td>\n<\/tr>\n<tr style=\"height: 21px;\">\n<td style=\"width: 50%; height: 21px;\" colspan=\"2\">\n<ul>\n<li>Carlos Peleteiro, Actor<\/li>\n<li>Biel Alomar, Actor<\/li>\n<li>Biel Navarro , Actor<\/li>\n<li>Marien Mart\u00ednez, Actriu<\/li>\n<li>Maria Zanoguera, Actriu<\/li>\n<li>Maria Monserrat, Actriu<\/li>\n<li>Xim Llorens, Actor<\/li>\n<li>Manuel Pradillos, Actor<\/li>\n<li>Joana Ma Fern\u00e1ndez, Actriu<\/li>\n<li>Juli\u00e0 Garcies, T\u00e8cnic de llum i s\u00f2<\/li>\n<li>Emi Aguilar, Maquillatge i perruqueria<\/li>\n<li>Josep Llu\u00eds Fern\u00e1ndez, Direcci\u00f3.<\/li>\n<\/ul>\n<\/td>\n<\/tr>\n<tr style=\"height: 21px;\">\n<td style=\"width: 50%; height: 21px;\" colspan=\"2\"><strong>Cat\u00e0leg teatral<\/strong><\/td>\n<\/tr>\n<tr style=\"height: 21px;\">\n<td style=\"width: 50%; height: 21px;\" colspan=\"2\">\n<ul>\n<li>Mort. Qui t\u2019ha mort? (1995)<\/li>\n<li>Ses dones les volen mig t\u00e9rbols (1996)<\/li>\n<li>Els joves ho troben un desbarat (1997)<\/li>\n<li>L\u2019amor tant \u00e9s blanc com negre (1998)<\/li>\n<li>Anem a comptar morts (1999)<\/li>\n<li>De qu\u00e9 viu vest\u00e9? (2000)<\/li>\n<li>Mon\u00f2legs i vodevils: Es soldat i sa criada, Sa sogra repalenca, Vull festetjar, Oh el amor!(2001)<\/li>\n<li>La platja \u00e9s ben buida (septembre 2001)<\/li>\n<li>Sense gens de seny (2002)<\/li>\n<li>Aqu\u00ed tot s\u00f3n banyes (2003)<\/li>\n<li>Faldes i cal\u00e7ons per amunt i per avall (2004)<\/li>\n<li>Sa mare quina nit! (2005)<\/li>\n<li>Jo ser\u00e9 el seu gendre (2006)<\/li>\n<li>Nom\u00e9s volem parelles (2007-2008)<\/li>\n<li>Arribar\u00e9 a les set\u2026Mort! (2009)<\/li>\n<li>Es beure fa perdre sa mollera, per\u00f2 com m\u00e9s beuen manco hi veuen (2010)<\/li>\n<li>Jo tamb\u00e9 venc a sopar (2011)<\/li>\n<li>Porta el bac\u00ed, si no et vols fer un pip\u00ed (2012)<\/li>\n<li>Sa viuda tamb\u00e9 en vol (2013)<\/li>\n<li>Conduciendo un best seller i En Ti\u00e0 Dos (2014)<\/li>\n<li>Riquet es des Puput i Clotilde insatisfecha (2015)<\/li>\n<li>Aqu\u00ed hi ha un bon tremp\u00f3 (2016)<\/li>\n<li>Melibea, el duende del loco amor. (2016)<\/li>\n<li>La Possessi\u00f3 (2018)<\/li>\n<li>Me estresas (2018)<\/li>\n<li>La Mordassa (2019-20).<\/li>\n<\/ul>\n<\/td>\n<\/tr>\n<\/tbody>\n<\/table>\n","protected":false},"excerpt":{"rendered":"<p>Contacte Josep Llu\u00eds Fern\u00e1ndez Albert\u00ed C\/Montpeller, 8 07014 Palma de Mallorca Tel\u00e8fon: 647348352 Web: http:\/\/www.agitadoras.com\/nostraterra\/indexnostraterra.html &nbsp; El grup de teatre Nostra Terra, va ser fundat al barri de Son Espanyolet ,de Palma de Mallorca, l&#8217;any 1933 ,amb la finalitat de fer representacions teatrals a les festes patronals. Des de la seva fundaci\u00f3 el grup s&#8217;ha [&hellip;]<\/p>\n","protected":false},"author":4,"featured_media":0,"parent":0,"menu_order":0,"comment_status":"closed","ping_status":"closed","template":"","meta":[],"_links":{"self":[{"href":"http:\/\/gestteatre.org\/index.php\/wp-json\/wp\/v2\/pages\/1750"}],"collection":[{"href":"http:\/\/gestteatre.org\/index.php\/wp-json\/wp\/v2\/pages"}],"about":[{"href":"http:\/\/gestteatre.org\/index.php\/wp-json\/wp\/v2\/types\/page"}],"author":[{"embeddable":true,"href":"http:\/\/gestteatre.org\/index.php\/wp-json\/wp\/v2\/users\/4"}],"replies":[{"embeddable":true,"href":"http:\/\/gestteatre.org\/index.php\/wp-json\/wp\/v2\/comments?post=1750"}],"version-history":[{"count":1,"href":"http:\/\/gestteatre.org\/index.php\/wp-json\/wp\/v2\/pages\/1750\/revisions"}],"predecessor-version":[{"id":1752,"href":"http:\/\/gestteatre.org\/index.php\/wp-json\/wp\/v2\/pages\/1750\/revisions\/1752"}],"wp:attachment":[{"href":"http:\/\/gestteatre.org\/index.php\/wp-json\/wp\/v2\/media?parent=1750"}],"curies":[{"name":"wp","href":"https:\/\/api.w.org\/{rel}","templated":true}]}}